{"id":34989,"date":"2024-03-19T15:25:32","date_gmt":"2024-03-19T14:25:32","guid":{"rendered":"https:\/\/www.weproc.com\/informativa-sulla-privacy\/"},"modified":"2026-02-27T10:27:38","modified_gmt":"2026-02-27T09:27:38","slug":"informativa-sulla-privacy","status":"publish","type":"page","link":"https:\/\/www.weproc.com\/it\/informativa-sulla-privacy\/","title":{"rendered":"Informativa sulla Privacy"},"content":{"rendered":"\t\t<div data-elementor-type=\"wp-page\" data-elementor-id=\"34989\" class=\"elementor elementor-34989 elementor-13064\" data-elementor-settings=\"{&quot;element_pack_global_tooltip_width&quot;:{&quot;unit&quot;:&quot;px&quot;,&quot;size&quot;:&quot;&quot;,&quot;sizes&quot;:[]},&quot;element_pack_global_tooltip_width_widescreen&quot;:{&quot;unit&quot;:&quot;px&quot;,&quot;size&quot;:&quot;&quot;,&quot;sizes&quot;:[]},&quot;element_pack_global_tooltip_width_tablet_extra&quot;:{&quot;unit&quot;:&quot;px&quot;,&quot;size&quot;:&quot;&quot;,&quot;sizes&quot;:[]},&quot;element_pack_global_tooltip_width_tablet&quot;:{&quot;unit&quot;:&quot;px&quot;,&quot;size&quot;:&quot;&quot;,&quot;sizes&quot;:[]},&quot;element_pack_global_tooltip_width_mobile&quot;:{&quot;unit&quot;:&quot;px&quot;,&quot;size&quot;:&quot;&quot;,&quot;sizes&quot;:[]},&quot;element_pack_global_tooltip_padding&quot;:{&quot;unit&quot;:&quot;px&quot;,&quot;top&quot;:&quot;&quot;,&quot;right&quot;:&quot;&quot;,&quot;bottom&quot;:&quot;&quot;,&quot;left&quot;:&quot;&quot;,&quot;isLinked&quot;:true},&quot;element_pack_global_tooltip_padding_widescreen&quot;:{&quot;unit&quot;:&quot;px&quot;,&quot;top&quot;:&quot;&quot;,&quot;right&quot;:&quot;&quot;,&quot;bottom&quot;:&quot;&quot;,&quot;left&quot;:&quot;&quot;,&quot;isLinked&quot;:true},&quot;element_pack_global_tooltip_padding_tablet_extra&quot;:{&quot;unit&quot;:&quot;px&quot;,&quot;top&quot;:&quot;&quot;,&quot;right&quot;:&quot;&quot;,&quot;bottom&quot;:&quot;&quot;,&quot;left&quot;:&quot;&quot;,&quot;isLinked&quot;:true},&quot;element_pack_global_tooltip_padding_tablet&quot;:{&quot;unit&quot;:&quot;px&quot;,&quot;top&quot;:&quot;&quot;,&quot;right&quot;:&quot;&quot;,&quot;bottom&quot;:&quot;&quot;,&quot;left&quot;:&quot;&quot;,&quot;isLinked&quot;:true},&quot;element_pack_global_tooltip_padding_mobile&quot;:{&quot;unit&quot;:&quot;px&quot;,&quot;top&quot;:&quot;&quot;,&quot;right&quot;:&quot;&quot;,&quot;bottom&quot;:&quot;&quot;,&quot;left&quot;:&quot;&quot;,&quot;isLinked&quot;:true},&quot;element_pack_global_tooltip_border_radius&quot;:{&quot;unit&quot;:&quot;px&quot;,&quot;top&quot;:&quot;&quot;,&quot;right&quot;:&quot;&quot;,&quot;bottom&quot;:&quot;&quot;,&quot;left&quot;:&quot;&quot;,&quot;isLinked&quot;:true},&quot;element_pack_global_tooltip_border_radius_widescreen&quot;:{&quot;unit&quot;:&quot;px&quot;,&quot;top&quot;:&quot;&quot;,&quot;right&quot;:&quot;&quot;,&quot;bottom&quot;:&quot;&quot;,&quot;left&quot;:&quot;&quot;,&quot;isLinked&quot;:true},&quot;element_pack_global_tooltip_border_radius_tablet_extra&quot;:{&quot;unit&quot;:&quot;px&quot;,&quot;top&quot;:&quot;&quot;,&quot;right&quot;:&quot;&quot;,&quot;bottom&quot;:&quot;&quot;,&quot;left&quot;:&quot;&quot;,&quot;isLinked&quot;:true},&quot;element_pack_global_tooltip_border_radius_tablet&quot;:{&quot;unit&quot;:&quot;px&quot;,&quot;top&quot;:&quot;&quot;,&quot;right&quot;:&quot;&quot;,&quot;bottom&quot;:&quot;&quot;,&quot;left&quot;:&quot;&quot;,&quot;isLinked&quot;:true},&quot;element_pack_global_tooltip_border_radius_mobile&quot;:{&quot;unit&quot;:&quot;px&quot;,&quot;top&quot;:&quot;&quot;,&quot;right&quot;:&quot;&quot;,&quot;bottom&quot;:&quot;&quot;,&quot;left&quot;:&quot;&quot;,&quot;isLinked&quot;:true}}\" data-elementor-post-type=\"page\">\n\t\t\t\t<div class=\"elementor-element elementor-element-11b7c0a e-flex e-con-boxed e-con e-parent\" data-id=\"11b7c0a\" data-element_type=\"container\">\n\t\t\t\t\t<div class=\"e-con-inner\">\n\t\t\t\t<div class=\"elementor-element elementor-element-39478c1 elementor-widget elementor-widget-heading\" data-id=\"39478c1\" data-element_type=\"widget\" data-widget_type=\"heading.default\">\n\t\t\t\t<div class=\"elementor-widget-container\">\n\t\t\t\t\t<h1 class=\"elementor-heading-title elementor-size-default\">Informativa sulla Privacy<\/h1>\t\t\t\t<\/div>\n\t\t\t\t<\/div>\n\t\t\t\t\t<\/div>\n\t\t\t\t<\/div>\n\t\t<div class=\"elementor-element elementor-element-73bbae4 e-flex e-con-boxed e-con e-parent\" data-id=\"73bbae4\" data-element_type=\"container\">\n\t\t\t\t\t<div class=\"e-con-inner\">\n\t\t\t\t<div class=\"elementor-element elementor-element-71c542f elementor-widget elementor-widget-text-editor\" data-id=\"71c542f\" data-element_type=\"widget\" data-widget_type=\"text-editor.default\">\n\t\t\t\t<div class=\"elementor-widget-container\">\n\t\t\t\t\t\t\t\t\t<div id=\"content\" class=\"uicore-content\"><div id=\"primary\" class=\"content-area\"><article id=\"post-990\" class=\"post-990 page type-page status-publish hentry\"><div class=\"entry-content\"><p class=\"lead date\">Aggiornata al 15 gennaio 2022<\/p><p>L&#8217;Informativa sulla Privacy di WEPROC ha lo scopo di fornirvi tutte le informazioni sulle condizioni in cui WEPROC raccoglie e tratta i vostri Dati a Carattere Personale.<\/p><p>Accedendo e utilizzando i nostri siti web e il <a class=\"liencache\" href=\"https:\/\/www.weproc.com\/it\/software-acquisti-digitalizzate-il-vostro-processo-procure-to-pay-weproc\/\">software acquisti<\/a> WEPROC, vi impegnate a prendere visione della presente Informativa sulla Privacy, che pu\u00f2 essere modificata o aggiornata in qualsiasi momento senza preavviso. Ogni modifica sar\u00e0 pubblicata online sul Sito e vi consigliamo di consultarla regolarmente. <\/p><div class=\"uicore elementor-container uicore-content-wrapper uicore-no-editor\"><div class=\"uicore-content\"><div class=\"paragraphe\"><div class=\"paragraphe\"> <\/div><div class=\"paragraphe\"><h2 class=\"bold\">I. Finalit\u00e0 del trattamento<\/h2><p class=\"lead\">Raccogliamo e trattiamo i dati che ci fornite volontariamente per accedere e utilizzare Weproc, per formulare richieste ai nostri team (dimostrazioni, modulo di contatto) o per accedere alle nostre risorse online.<\/p><p>Raccogliamo e trattiamo inoltre dati relativi alle preferenze dei nostri Utenti e al traffico (come gli indirizzi IP).<\/p><p>Pi\u00f9 precisamente, trattiamo i vostri Dati per consentire:<\/p><ul><li>la consultazione dei nostri siti web (https:\/\/www.weproc.com e https:\/\/blog.weproc.com);<\/li><li>la creazione degli ambienti (versioni a pagamento e versioni di prova) per accedere a Weproc e utilizzare i nostri servizi;<\/li><li>l&#8217;invio del modulo di contatto e delle dimostrazioni online;<\/li><li>il download delle nostre risorse online;<\/li><li>la gestione e il monitoraggio della relazione commerciale (fatture, pagamenti, reclami e supporto agli Utenti);<\/li><li>la fornitura dei siti web e delle loro diverse funzionalit\u00e0;<\/li><li>il miglioramento dei nostri servizi;<\/li><li>la gestione della sicurezza del sito e del Software;<\/li><li>la gestione delle richieste di esercizio dei diversi diritti degli Utenti: diritti di accesso, rettifica, cancellazione, portabilit\u00e0, opposizione e limitazione.<\/li><\/ul><\/div><div class=\"paragraphe\"><h2 class=\"bold\">II \u2013 Dati raccolti<\/h2><p class=\"lead\">Per aprire una licenza e quindi utilizzare Weproc, dovete fornirci almeno le seguenti informazioni personali di identificazione:<\/p><ul><li>nom e cognome<\/li><li>indirizzo email<\/li><\/ul><p>Potete completare il vostro profilo con altri Dati a Carattere Personale (numero di telefono, foto, nome dei vostri fornitori, ecc.). Non raccoglieremo n\u00e9 tratteremo mai Dati a Carattere Personale sensibili ai sensi della normativa (ad esempio, origine razziale o etnica, opinioni politiche, convinzioni religiose o filosofiche, appartenenza sindacale, salute, ecc.). <\/p><p>1.2. Raccogliamo informazioni relative alla relazione contrattuale che abbiamo con voi: cronologia, moduli sottoscritti, elementi di fatturazione e pagamento, richieste e incidenti segnalati al servizio di supporto\u2026<\/p><p>1.3. Raccogliamo, tramite alcuni cookie depositati automaticamente sul vostro terminale o altri cookie soggetti al vostro consenso espresso, alcuni Dati a Carattere Personale durante le vostre visite al nostro sito (https:\/\/www.google.com\/search?q=pro.weproc.com): ad esempio, la data, l&#8217;ora e la durata della visita, il percorso di navigazione, il tipo di sistema operativo, ecc.<\/p><p>Un cookie \u00e8 un piccolo file memorizzato da un server nel terminale (computer, telefono, ecc.) di un utente e associato a un dominio web. La sua funzione \u00e8 consentire il funzionamento del sito, facilitare la navigazione (memorizzare scelte tecniche, attivit\u00e0 passata), migliorare l&#8217;uso del sito e del servizio e comprendere meglio l&#8217;esperienza degli Utenti. La durata massima di un cookie \u00e8 di 13 mesi.  <\/p><h2 class=\"bold\">III. Utilizzo dei vostri Dati a Carattere Personale <\/h2><p>L&#8217;informativa sulla privacy \u00e8 disponibile <a href=\"https:\/\/www.weproc.com\/it\/informativa-sulla-privacy\/\">qui<\/a><\/p><h2 class=\"bold\">Cookie<\/h2><p class=\"lead\">I Dati a Carattere Personale vengono utilizzati solo nei casi previsti dalla normativa vigente:<\/p><p>L\u2019esecuzione del contratto relativo al vostro utilizzo del Software WEPROC<\/p><p>Il rispetto di un obbligo legale<\/p><p>Il vostro consenso all&#8217;utilizzo dei vostri dati<\/p><p>Il nostro legittimo interesse a condurre operazioni di prospezione o promozione di Weproc.<\/p><\/div><h2 class=\"bold\">IV. Trattamento dei Dati a Carattere Personale <\/h2><p class=\"lead\">WEPROC raccoglie e tratta i vostri Dati a Carattere Personale in modo corretto e lecito, nel rispetto dei principi del Regolamento europeo 2016\/679 del 27 aprile 2016 (GDPR). WEPROC \u00e8 il titolare del trattamento dei vostri Dati a Carattere Personale ai sensi del GDPR. <\/p><p>WEPROC ha designato un Responsabile della Protezione dei Dati (DPO) che potete contattare all&#8217;indirizzo dpo@weproc.com.<\/p><p>Il DPO ha, in particolare, la missione di:<\/p><p>Sensibilizzare i collaboratori di WEPROC alla protezione dei Dati Personali degli Utenti;<\/p><p>Accompagnarli nell&#8217;attuazione dei trattamenti;<\/p><p>Rispondere alle richieste legate all&#8217;esercizio dei vostri diritti.<\/p><h2 class=\"bold\">V \u2013 Sicurezza dei vostri Dati<\/h2><p class=\"lead\">WEPROC si impegna al massimo per evitare la perdita, l&#8217;uso improprio, l&#8217;intrusione, la divulgazione non autorizzata, l&#8217;alterazione o la distruzione dei Dati a Carattere Personale comunicati.<\/p><p>Pertanto:<\/p><ul><li>I Dati sono conservati nello Spazio Economico Europeo. Il controllo della sicurezza dei server e dell&#8217;aggiornamento di Weproc \u00e8 effettuato in tempo reale; <\/li><li>I collaboratori di WEPROC sono soggetti a un obbligo di riservatezza e hanno firmato un impegno specifico per la protezione dei Dati;<\/li><li>L&#8217;accesso ai Dati \u00e8 regolato da una politica di controllo rigorosa, riservata al personale autorizzato.<\/li><\/ul><p>Quando ci avvaliamo di fornitori per trattare Dati, verifichiamo preventivamente che garantiscano un livello equivalente di protezione.<\/p><h2 class=\"bold\">VI \u2013 Durata della conservazione dei Dati<\/h2><p class=\"lead\">WEPROC conserva i vostri Dati a Carattere Personale in conformit\u00e0 con le seguenti disposizioni legislative e regolamentari:<\/p><p>Conserviamo le informazioni relative alla gestione dell&#8217;account Cliente, della fatturazione e dei pagamenti per 10 annidalla fine del contratto o dall&#8217;ultimo contatto da parte del Cliente inattivo.<\/p><p>Conserviamo le informazioni relative alla creazione e alla gestione dei file di prospezione per 3 anni a decorrere dall&#8217;ultimo contatto da parte del potenziale cliente (prospect).<\/p><p>Abbiamo l&#8217;obbligo di conservare per 1 anno i seguenti Dati a Carattere Personale derivanti dalla creazione, modifica o eliminazione dei Contenuti degli Utenti:<\/p><ul><li>L&#8217;identificativo di connessione;<\/li><li>L&#8217;identificazione fornita dal terminale;<\/li><li>I tipi di protocollo;<\/li><li>La natura dell&#8217;operazione;<\/li><li>La data e l&#8217;ora dell&#8217;operazione;<\/li><li>L&#8217;identificazione utilizzata dall&#8217;autore dell&#8217;operazione.<\/li><\/ul><p>Quando la conservazione dei Dati non \u00e8 pi\u00f9 giustificata dalla gestione di un account Cliente, da un obbligo legale, da esigenze commerciali, dall&#8217;accertamento, dall&#8217;esercizio o dalla difesa di un diritto in sede giudiziaria, o quando richiesto dall&#8217;utente applicando uno dei propri diritti (Articolo X), provvediamo alla cancellazione dei Dati in modo sicuro.<\/p><h2 class=\"bold\">VII. Accesso ai vostri Dati a Carattere Personale <\/h2><h3 class=\"lead\">7.1. L&#8217;accesso \u00e8 riservato ai collaboratori abilitati di WEPROC in base alle finalit\u00e0 definite all&#8217;articolo I e su base individuale.<\/h3><p>In base alle finalit\u00e0 definite nell&#8217;articolo I, i collaboratori autorizzati di WEPROC possono avere accesso ai Dati a Carattere Personale.<\/p><p>L&#8217;accesso ai vostri dati avviene sulla base di autorizzazioni di accesso individuale, come specificato nell&#8217;articolo V.<\/p><h3>7.2. Trasmissione dei Dati:<\/h3><p>WEPROC pu\u00f2 esternalizzare i seguenti servizi:<\/p><ul><li>Hosting<\/li><li>Manutenzione<\/li><li>Sviluppi tecnici<\/li><\/ul><p>L&#8217;accesso dei subappaltatori \u00e8 regolato da un contratto ai sensi dell&#8217;Articolo 28 del GDPR, che elenca gli obblighi in materia di protezione dei dati. <\/p><h2 class=\"bold\">VIII. Trasferimento dei Dati a Carattere Personale <\/h2><p class=\"lead\">Conserviamo i vostri Dati all&#8217;interno dell&#8217;Unione Europea.<\/p><p>Qualora dovessero essere trasferiti in paesi terzi, garantiamo l&#8217;uso di Clausole Contrattuali Standard della Commissione Europea o altre garanzie adeguate conformi al GDPR.<\/p><p>Potremmo inoltre fornire i Dati a Carattere Personale dei nostri Utenti esclusivamente se richiesto dalla legge francese o ordinato da una giurisdizione francese.<\/p><h2 class=\"bold\">IX. Comunicazioni di WEPROC <\/h2><p class=\"lead\">Possiamo inviarvi email legate alla relazione commerciale, per motivi tecnici, di sicurezza o amministrativi relativi al vostro abbonamento.<\/p><h2 class=\"bold\">X. Esercizio dei diritti<\/h2><p class=\"lead\">In conformit\u00e0 con la legge francese \u00ab Informatique et Libert\u00e9s \u00bb e il Regolamento europeo 2016\/679 del 27 aprile 2016 (GDPR), in vigore dal 25 maggio 2018, disponete dei seguenti diritti riguardanti il trattamento:<\/p><ul><li>Diritto di accesso e rettifica<\/li><li>Diritto di opposizione<\/li><li>Diritto alla cancellazione<\/li><li>Diritto alla portabilit\u00e0<\/li><li>Diritto alla limitazione del trattamento<\/li><li>Diritto di definire le direttive post-mortem sui dati<\/li><\/ul><p>Potete<\/p><ul><li>modificare i dati direttamente dal vostro Account o gestire le comunicazioni promozionali tramite il link &#8220;disiscriviti&#8221;.<\/li><li>Gestire la ricezione di comunicazioni promozionali (non legate a una transazione) cliccando semplicemente sul link &#8220;disiscriviti&#8221; presente in calce alle e-mail inviate da WEPROC.<\/li><\/ul><p>Potete esercitare questi diritti scrivendoci al seguente indirizzo postale: WEPROC \u2013 2 parvis des \u00e9coles b\u00e2timent les beaux-arts bureau B09 83000 TOULON, o scrivendo direttamente al nostro responsabile della protezione dei dati all&#8217;indirizzo dpo@WEPROC.com. Ogni richiesta dovr\u00e0 essere motivata e accompagnata dalla copia di un documento d&#8217;identit\u00e0 in corso di validit\u00e0. Avete la possibilit\u00e0 di presentare un reclamo presso la Commission Nationale de l&#8217;Informatique et des Libert\u00e9s (CNIL) o l&#8217;autorit\u00e0 garante locale, al seguente indirizzo:  <\/p><p>In conformit\u00e0 con la legge francese \u00ab Informatique et Libert\u00e9s \u00bb e il Regolamento europeo 2016\/679 del 27 aprile 2016 (GDPR), in vigore dal 25 maggio 2018, disponete dei seguenti diritti riguardanti il trattamento:<\/p><\/div><\/div><\/div><\/div><\/article><\/div><\/div>\t\t\t\t\t\t\t\t<\/div>\n\t\t\t\t<\/div>\n\t\t\t\t\t<\/div>\n\t\t\t\t<\/div>\n\t\t\t\t<\/div>\n\t\t","protected":false},"excerpt":{"rendered":"<p>Aggiornata al 15 gennaio 2022 L&#8217;Informativa sulla Privacy di WEPROC ha lo scopo di fornirvi tutte le informazioni sulle condizioni in cui WEPROC raccoglie e tratta i vostri Dati a Carattere Personale. Accedendo e utilizzando i nostri siti web e il software acquisti WEPROC, vi impegnate a prendere visione della presente Informativa sulla Privacy, che [&hellip;]<\/p>\n","protected":false},"author":7,"featured_media":18181,"parent":0,"menu_order":0,"comment_status":"closed","ping_status":"closed","template":"","meta":{"inline_featured_image":false,"footnotes":""},"class_list":["post-34989","page","type-page","status-publish","has-post-thumbnail","hentry"],"yoast_head":"<!-- This site is optimized with the Yoast SEO plugin v26.3 - https:\/\/yoast.com\/wordpress\/plugins\/seo\/ -->\n<title>Informativa sulla privacy<\/title>\n<meta name=\"description\" content=\"Scopri l&#039;informativa sulla privacy di Weproc: come raccogliamo, utilizziamo e proteggiamo i tuoi dati personali in totale sicurezza.\" \/>\n<meta name=\"robots\" content=\"noindex, follow\" \/>\n<meta property=\"og:locale\" content=\"it_IT\" \/>\n<meta property=\"og:type\" content=\"article\" \/>\n<meta property=\"og:title\" content=\"Informativa sulla privacy\" \/>\n<meta property=\"og:description\" content=\"Scopri l&#039;informativa sulla privacy di Weproc: come raccogliamo, utilizziamo e proteggiamo i tuoi dati personali in totale sicurezza.\" \/>\n<meta property=\"og:url\" content=\"https:\/\/www.weproc.com\/it\/informativa-sulla-privacy\/\" \/>\n<meta property=\"og:site_name\" content=\"Weproc, Logiciel de Gestion des Achats\" \/>\n<meta property=\"article:publisher\" content=\"https:\/\/www.linkedin.com\/company\/weproc\" \/>\n<meta property=\"article:modified_time\" content=\"2026-02-27T09:27:38+00:00\" \/>\n<meta property=\"og:image\" content=\"https:\/\/www.weproc.com\/wp-content\/uploads\/2024\/07\/weproc-fr.png\" \/>\n\t<meta property=\"og:image:width\" content=\"1200\" \/>\n\t<meta property=\"og:image:height\" content=\"630\" \/>\n\t<meta property=\"og:image:type\" content=\"image\/png\" \/>\n<meta name=\"twitter:card\" content=\"summary_large_image\" \/>\n<meta name=\"twitter:label1\" content=\"Tempo di lettura stimato\" \/>\n\t<meta name=\"twitter:data1\" content=\"6 minuti\" \/>\n<script type=\"application\/ld+json\" class=\"yoast-schema-graph\">{\"@context\":\"https:\/\/schema.org\",\"@graph\":[{\"@type\":\"WebPage\",\"@id\":\"https:\/\/www.weproc.com\/it\/informativa-sulla-privacy\/\",\"url\":\"https:\/\/www.weproc.com\/it\/informativa-sulla-privacy\/\",\"name\":\"Informativa sulla privacy\",\"isPartOf\":{\"@id\":\"https:\/\/www.weproc.com\/it\/#website\"},\"primaryImageOfPage\":{\"@id\":\"https:\/\/www.weproc.com\/it\/informativa-sulla-privacy\/#primaryimage\"},\"image\":{\"@id\":\"https:\/\/www.weproc.com\/it\/informativa-sulla-privacy\/#primaryimage\"},\"thumbnailUrl\":\"https:\/\/www.weproc.com\/wp-content\/uploads\/2024\/07\/weproc-fr.png\",\"datePublished\":\"2024-03-19T14:25:32+00:00\",\"dateModified\":\"2026-02-27T09:27:38+00:00\",\"description\":\"Scopri l'informativa sulla privacy di Weproc: come raccogliamo, utilizziamo e proteggiamo i tuoi dati personali in totale sicurezza.\",\"breadcrumb\":{\"@id\":\"https:\/\/www.weproc.com\/it\/informativa-sulla-privacy\/#breadcrumb\"},\"inLanguage\":\"it-IT\",\"potentialAction\":[{\"@type\":\"ReadAction\",\"target\":[\"https:\/\/www.weproc.com\/it\/informativa-sulla-privacy\/\"]}]},{\"@type\":\"ImageObject\",\"inLanguage\":\"it-IT\",\"@id\":\"https:\/\/www.weproc.com\/it\/informativa-sulla-privacy\/#primaryimage\",\"url\":\"https:\/\/www.weproc.com\/wp-content\/uploads\/2024\/07\/weproc-fr.png\",\"contentUrl\":\"https:\/\/www.weproc.com\/wp-content\/uploads\/2024\/07\/weproc-fr.png\",\"width\":1200,\"height\":630,\"caption\":\"weproc\"},{\"@type\":\"BreadcrumbList\",\"@id\":\"https:\/\/www.weproc.com\/it\/informativa-sulla-privacy\/#breadcrumb\",\"itemListElement\":[{\"@type\":\"ListItem\",\"position\":1,\"name\":\"Accueil\",\"item\":\"https:\/\/www.weproc.com\/it\/\"},{\"@type\":\"ListItem\",\"position\":2,\"name\":\"Informativa sulla Privacy\"}]},{\"@type\":\"WebSite\",\"@id\":\"https:\/\/www.weproc.com\/it\/#website\",\"url\":\"https:\/\/www.weproc.com\/it\/\",\"name\":\"Weproc\",\"description\":\"eProcurement\",\"publisher\":{\"@id\":\"https:\/\/www.weproc.com\/it\/#organization\"},\"potentialAction\":[{\"@type\":\"SearchAction\",\"target\":{\"@type\":\"EntryPoint\",\"urlTemplate\":\"https:\/\/www.weproc.com\/it\/?s={search_term_string}\"},\"query-input\":{\"@type\":\"PropertyValueSpecification\",\"valueRequired\":true,\"valueName\":\"search_term_string\"}}],\"inLanguage\":\"it-IT\"},{\"@type\":\"Organization\",\"@id\":\"https:\/\/www.weproc.com\/it\/#organization\",\"name\":\"Weproc\",\"url\":\"https:\/\/www.weproc.com\/it\/\",\"logo\":{\"@type\":\"ImageObject\",\"inLanguage\":\"it-IT\",\"@id\":\"https:\/\/www.weproc.com\/it\/#\/schema\/logo\/image\/\",\"url\":\"https:\/\/www.weproc.com\/wp-content\/uploads\/2025\/12\/cropped-logo-weproc.png\",\"contentUrl\":\"https:\/\/www.weproc.com\/wp-content\/uploads\/2025\/12\/cropped-logo-weproc.png\",\"width\":512,\"height\":512,\"caption\":\"Weproc\"},\"image\":{\"@id\":\"https:\/\/www.weproc.com\/it\/#\/schema\/logo\/image\/\"},\"sameAs\":[\"https:\/\/www.linkedin.com\/company\/weproc\",\"https:\/\/www.youtube.com\/@weproc\"]}]}<\/script>\n<!-- \/ Yoast SEO plugin. -->","yoast_head_json":{"title":"Informativa sulla privacy","description":"Scopri l'informativa sulla privacy di Weproc: come raccogliamo, utilizziamo e proteggiamo i tuoi dati personali in totale sicurezza.","robots":{"index":"noindex","follow":"follow"},"og_locale":"it_IT","og_type":"article","og_title":"Informativa sulla privacy","og_description":"Scopri l'informativa sulla privacy di Weproc: come raccogliamo, utilizziamo e proteggiamo i tuoi dati personali in totale sicurezza.","og_url":"https:\/\/www.weproc.com\/it\/informativa-sulla-privacy\/","og_site_name":"Weproc, Logiciel de Gestion des Achats","article_publisher":"https:\/\/www.linkedin.com\/company\/weproc","article_modified_time":"2026-02-27T09:27:38+00:00","og_image":[{"width":1200,"height":630,"url":"https:\/\/www.weproc.com\/wp-content\/uploads\/2024\/07\/weproc-fr.png","type":"image\/png"}],"twitter_card":"summary_large_image","twitter_misc":{"Tempo di lettura stimato":"6 minuti"},"schema":{"@context":"https:\/\/schema.org","@graph":[{"@type":"WebPage","@id":"https:\/\/www.weproc.com\/it\/informativa-sulla-privacy\/","url":"https:\/\/www.weproc.com\/it\/informativa-sulla-privacy\/","name":"Informativa sulla privacy","isPartOf":{"@id":"https:\/\/www.weproc.com\/it\/#website"},"primaryImageOfPage":{"@id":"https:\/\/www.weproc.com\/it\/informativa-sulla-privacy\/#primaryimage"},"image":{"@id":"https:\/\/www.weproc.com\/it\/informativa-sulla-privacy\/#primaryimage"},"thumbnailUrl":"https:\/\/www.weproc.com\/wp-content\/uploads\/2024\/07\/weproc-fr.png","datePublished":"2024-03-19T14:25:32+00:00","dateModified":"2026-02-27T09:27:38+00:00","description":"Scopri l'informativa sulla privacy di Weproc: come raccogliamo, utilizziamo e proteggiamo i tuoi dati personali in totale sicurezza.","breadcrumb":{"@id":"https:\/\/www.weproc.com\/it\/informativa-sulla-privacy\/#breadcrumb"},"inLanguage":"it-IT","potentialAction":[{"@type":"ReadAction","target":["https:\/\/www.weproc.com\/it\/informativa-sulla-privacy\/"]}]},{"@type":"ImageObject","inLanguage":"it-IT","@id":"https:\/\/www.weproc.com\/it\/informativa-sulla-privacy\/#primaryimage","url":"https:\/\/www.weproc.com\/wp-content\/uploads\/2024\/07\/weproc-fr.png","contentUrl":"https:\/\/www.weproc.com\/wp-content\/uploads\/2024\/07\/weproc-fr.png","width":1200,"height":630,"caption":"weproc"},{"@type":"BreadcrumbList","@id":"https:\/\/www.weproc.com\/it\/informativa-sulla-privacy\/#breadcrumb","itemListElement":[{"@type":"ListItem","position":1,"name":"Accueil","item":"https:\/\/www.weproc.com\/it\/"},{"@type":"ListItem","position":2,"name":"Informativa sulla Privacy"}]},{"@type":"WebSite","@id":"https:\/\/www.weproc.com\/it\/#website","url":"https:\/\/www.weproc.com\/it\/","name":"Weproc","description":"eProcurement","publisher":{"@id":"https:\/\/www.weproc.com\/it\/#organization"},"potentialAction":[{"@type":"SearchAction","target":{"@type":"EntryPoint","urlTemplate":"https:\/\/www.weproc.com\/it\/?s={search_term_string}"},"query-input":{"@type":"PropertyValueSpecification","valueRequired":true,"valueName":"search_term_string"}}],"inLanguage":"it-IT"},{"@type":"Organization","@id":"https:\/\/www.weproc.com\/it\/#organization","name":"Weproc","url":"https:\/\/www.weproc.com\/it\/","logo":{"@type":"ImageObject","inLanguage":"it-IT","@id":"https:\/\/www.weproc.com\/it\/#\/schema\/logo\/image\/","url":"https:\/\/www.weproc.com\/wp-content\/uploads\/2025\/12\/cropped-logo-weproc.png","contentUrl":"https:\/\/www.weproc.com\/wp-content\/uploads\/2025\/12\/cropped-logo-weproc.png","width":512,"height":512,"caption":"Weproc"},"image":{"@id":"https:\/\/www.weproc.com\/it\/#\/schema\/logo\/image\/"},"sameAs":["https:\/\/www.linkedin.com\/company\/weproc","https:\/\/www.youtube.com\/@weproc"]}]}},"_links":{"self":[{"href":"https:\/\/www.weproc.com\/it\/wp-json\/wp\/v2\/pages\/34989","targetHints":{"allow":["GET"]}}],"collection":[{"href":"https:\/\/www.weproc.com\/it\/wp-json\/wp\/v2\/pages"}],"about":[{"href":"https:\/\/www.weproc.com\/it\/wp-json\/wp\/v2\/types\/page"}],"author":[{"embeddable":true,"href":"https:\/\/www.weproc.com\/it\/wp-json\/wp\/v2\/users\/7"}],"replies":[{"embeddable":true,"href":"https:\/\/www.weproc.com\/it\/wp-json\/wp\/v2\/comments?post=34989"}],"version-history":[{"count":2,"href":"https:\/\/www.weproc.com\/it\/wp-json\/wp\/v2\/pages\/34989\/revisions"}],"predecessor-version":[{"id":35259,"href":"https:\/\/www.weproc.com\/it\/wp-json\/wp\/v2\/pages\/34989\/revisions\/35259"}],"wp:featuredmedia":[{"embeddable":true,"href":"https:\/\/www.weproc.com\/it\/wp-json\/wp\/v2\/media\/18181"}],"wp:attachment":[{"href":"https:\/\/www.weproc.com\/it\/wp-json\/wp\/v2\/media?parent=34989"}],"curies":[{"name":"wp","href":"https:\/\/api.w.org\/{rel}","templated":true}]}}