{"id":34431,"date":"2024-03-19T15:30:34","date_gmt":"2024-03-19T14:30:34","guid":{"rendered":"https:\/\/www.weproc.com\/cookie\/"},"modified":"2026-02-27T10:35:49","modified_gmt":"2026-02-27T09:35:49","slug":"cookie","status":"publish","type":"page","link":"https:\/\/www.weproc.com\/it\/cookie\/","title":{"rendered":"Cookie"},"content":{"rendered":"\t\t<div data-elementor-type=\"wp-page\" data-elementor-id=\"34431\" class=\"elementor elementor-34431 elementor-13069\" data-elementor-settings=\"{&quot;element_pack_global_tooltip_width&quot;:{&quot;unit&quot;:&quot;px&quot;,&quot;size&quot;:&quot;&quot;,&quot;sizes&quot;:[]},&quot;element_pack_global_tooltip_width_widescreen&quot;:{&quot;unit&quot;:&quot;px&quot;,&quot;size&quot;:&quot;&quot;,&quot;sizes&quot;:[]},&quot;element_pack_global_tooltip_width_tablet_extra&quot;:{&quot;unit&quot;:&quot;px&quot;,&quot;size&quot;:&quot;&quot;,&quot;sizes&quot;:[]},&quot;element_pack_global_tooltip_width_tablet&quot;:{&quot;unit&quot;:&quot;px&quot;,&quot;size&quot;:&quot;&quot;,&quot;sizes&quot;:[]},&quot;element_pack_global_tooltip_width_mobile&quot;:{&quot;unit&quot;:&quot;px&quot;,&quot;size&quot;:&quot;&quot;,&quot;sizes&quot;:[]},&quot;element_pack_global_tooltip_padding&quot;:{&quot;unit&quot;:&quot;px&quot;,&quot;top&quot;:&quot;&quot;,&quot;right&quot;:&quot;&quot;,&quot;bottom&quot;:&quot;&quot;,&quot;left&quot;:&quot;&quot;,&quot;isLinked&quot;:true},&quot;element_pack_global_tooltip_padding_widescreen&quot;:{&quot;unit&quot;:&quot;px&quot;,&quot;top&quot;:&quot;&quot;,&quot;right&quot;:&quot;&quot;,&quot;bottom&quot;:&quot;&quot;,&quot;left&quot;:&quot;&quot;,&quot;isLinked&quot;:true},&quot;element_pack_global_tooltip_padding_tablet_extra&quot;:{&quot;unit&quot;:&quot;px&quot;,&quot;top&quot;:&quot;&quot;,&quot;right&quot;:&quot;&quot;,&quot;bottom&quot;:&quot;&quot;,&quot;left&quot;:&quot;&quot;,&quot;isLinked&quot;:true},&quot;element_pack_global_tooltip_padding_tablet&quot;:{&quot;unit&quot;:&quot;px&quot;,&quot;top&quot;:&quot;&quot;,&quot;right&quot;:&quot;&quot;,&quot;bottom&quot;:&quot;&quot;,&quot;left&quot;:&quot;&quot;,&quot;isLinked&quot;:true},&quot;element_pack_global_tooltip_padding_mobile&quot;:{&quot;unit&quot;:&quot;px&quot;,&quot;top&quot;:&quot;&quot;,&quot;right&quot;:&quot;&quot;,&quot;bottom&quot;:&quot;&quot;,&quot;left&quot;:&quot;&quot;,&quot;isLinked&quot;:true},&quot;element_pack_global_tooltip_border_radius&quot;:{&quot;unit&quot;:&quot;px&quot;,&quot;top&quot;:&quot;&quot;,&quot;right&quot;:&quot;&quot;,&quot;bottom&quot;:&quot;&quot;,&quot;left&quot;:&quot;&quot;,&quot;isLinked&quot;:true},&quot;element_pack_global_tooltip_border_radius_widescreen&quot;:{&quot;unit&quot;:&quot;px&quot;,&quot;top&quot;:&quot;&quot;,&quot;right&quot;:&quot;&quot;,&quot;bottom&quot;:&quot;&quot;,&quot;left&quot;:&quot;&quot;,&quot;isLinked&quot;:true},&quot;element_pack_global_tooltip_border_radius_tablet_extra&quot;:{&quot;unit&quot;:&quot;px&quot;,&quot;top&quot;:&quot;&quot;,&quot;right&quot;:&quot;&quot;,&quot;bottom&quot;:&quot;&quot;,&quot;left&quot;:&quot;&quot;,&quot;isLinked&quot;:true},&quot;element_pack_global_tooltip_border_radius_tablet&quot;:{&quot;unit&quot;:&quot;px&quot;,&quot;top&quot;:&quot;&quot;,&quot;right&quot;:&quot;&quot;,&quot;bottom&quot;:&quot;&quot;,&quot;left&quot;:&quot;&quot;,&quot;isLinked&quot;:true},&quot;element_pack_global_tooltip_border_radius_mobile&quot;:{&quot;unit&quot;:&quot;px&quot;,&quot;top&quot;:&quot;&quot;,&quot;right&quot;:&quot;&quot;,&quot;bottom&quot;:&quot;&quot;,&quot;left&quot;:&quot;&quot;,&quot;isLinked&quot;:true}}\" data-elementor-post-type=\"page\">\n\t\t\t\t<div class=\"elementor-element elementor-element-11b7c0a e-flex e-con-boxed e-con e-parent\" data-id=\"11b7c0a\" data-element_type=\"container\">\n\t\t\t\t\t<div class=\"e-con-inner\">\n\t\t\t\t<div class=\"elementor-element elementor-element-39478c1 elementor-widget elementor-widget-heading\" data-id=\"39478c1\" data-element_type=\"widget\" data-widget_type=\"heading.default\">\n\t\t\t\t<div class=\"elementor-widget-container\">\n\t\t\t\t\t<h1 class=\"elementor-heading-title elementor-size-default\">Cookie<\/h1>\t\t\t\t<\/div>\n\t\t\t\t<\/div>\n\t\t\t\t\t<\/div>\n\t\t\t\t<\/div>\n\t\t<div class=\"elementor-element elementor-element-73bbae4 e-flex e-con-boxed e-con e-parent\" data-id=\"73bbae4\" data-element_type=\"container\">\n\t\t\t\t\t<div class=\"e-con-inner\">\n\t\t\t\t<div class=\"elementor-element elementor-element-71c542f elementor-widget elementor-widget-text-editor\" data-id=\"71c542f\" data-element_type=\"widget\" data-widget_type=\"text-editor.default\">\n\t\t\t\t<div class=\"elementor-widget-container\">\n\t\t\t\t\t\t\t\t\t<div id=\"content\" class=\"uicore-content\"><div id=\"primary\" class=\"content-area\"><article id=\"post-990\" class=\"post-990 page type-page status-publish hentry\"><div class=\"entry-content\"><div class=\"infos\"><p class=\"lead date\">La presente Informativa sui cookie ha lo scopo di informare gli utenti del sito web di WEPROC (https:\/\/www.pro.www.weproc.com) sulla natura e l&#8217;utilizzo dei cookie, nonch\u00e9 sugli strumenti che consentono di configurarli. Per verificare gli aggiornamenti di questa Informativa, vi invitiamo a consultare regolarmente questa pagina. Durante la consultazione del sito web di WEPROC, il deposito dei cookie sul dispositivo utilizzato \u00e8 soggetto al vostro consenso, a meno che i cookie non siano strettamente necessari al funzionamento del Sito.  <\/p><\/div><div class=\"paragraphe\"><h2 class=\"bold\">I. Cos\u2019\u00e8 un cookie?<\/h2><p class=\"lead\">Un cookie \u00e8 un file di piccole dimensioni identificato da un nome, che pu\u00f2 essere depositato dal sito web a cui vi connettete. Il vostro browser web lo conserva per un certo periodo (v. Durata di conservazione dei cookie) e lo rimanda al server web ogni volta che vi riconnettete. I cookie servono a far funzionare il sito, a facilitare la navigazione e a proporvi offerte e servizi pertinenti. Durante la vostra visita sul nostro Sito, alcuni cookie essenziali al suo funzionamento vengono depositati automaticamente sul vostro dispositivo. Altri cookie sono soggetti al vostro consenso esplicito (v. IV. Consenso al deposito dei cookie).    <\/p><\/div><div class=\"paragraphe\"><h2 class=\"bold\">II. Informazioni raccolte dai cookie <\/h2><p class=\"lead\">I cookie del Sito possono raccogliere dati relativi a un terminale o a un comportamento in un dato momento, in particolare:<\/p><ul class=\"lead\"><li>L\u2019indirizzo IP del terminale connesso.<\/li><li>La data, l\u2019ora e la durata della visita su una pagina o sull\u2019intero sito.<\/li><li>Il numero di pagine visualizzate.<\/li><li>Il percorso di navigazione.<\/li><li>Il tipo di sistema operativo.<\/li><li>Il tipo di sistema operativo.<\/li><li>Il tipo e la versione del browser utilizzato.<\/li><li>La marca e il modello del terminale mobile o tablet.<\/li><\/ul><\/div><div class=\"paragraphe\"><h2 class=\"bold\">III. Tipi e finalit\u00e0 dei cookie <\/h2><p class=\"lead\">1. Tipi di cookie<\/p><p>1. Cookie interni<\/p><p>I cookie interni sono generati e memorizzati localmente da Weproc: nessun terzo ha accesso ai dati. Si differenziano dai cookie cosiddetti &#8220;di terze parti&#8221;, che sono generati dai nostri fornitori o dai social network. <\/p><p>2. Cookie di terze parti<\/p><p>Un cookie di terze parti \u00e8 un cookie inserito sul vostro dispositivo dal server di un dominio diverso da quello del Sito. I cookie di terze parti sono generalmente quelli utilizzati dai servizi di analisi web, vari strumenti di marketing, social network o diverse piattaforme pubblicitarie (retargeting). <\/p><p>2. Finalit\u00e0 dei cookie<\/p><p>Cookie necessari al funzionamento del sito web di WEPROC<\/p><p>Questi cookie sono essenziali per garantire il funzionamento e l&#8217;ottimizzazione del Sito. Vi consentono di utilizzare le principali funzionalit\u00e0 del Sito e di rendere sicura la vostra connessione. <\/p><p>Il Sito utilizza:<\/p><p>gtm_auth \/ gtm_preview: per consentirvi di accettare\/rifiutare i cookie.<\/p><p>Tawk To: per interagire con noi via chat.<\/p><p>Essendo questi cookie indispensabili per il funzionamento, la navigazione sul Sito o l&#8217;utilizzo di un servizio su vostra richiesta, non possono essere rifiutati tramite il banner dei cookie del sito web di Weproc.<\/p><p>Pertanto, il nostro partner Tawk To deposita cookie per consentirci di utilizzare lo strumento di chat online: tali cookie sono essenziali per il funzionamento di questi servizi e vengono depositati solo se desiderate usufruirne.<\/p><p>Potete inoltre opporvi e cancellarli utilizzando le impostazioni del vostro browser (v. VI. Gestione dei cookie), tuttavia la vostra esperienza utente potrebbe risultare compromessa.<\/p><p>Cookie di tracciamento delle visite provenienti dalla piattaforma e misurazione dell\u2019efficacia delle campagne pubblicitarie<\/p><p>Questi cookie permettono di misurare le performance delle nostre azioni di marketing, al fine di proporvi contenuti sempre pi\u00f9 pertinenti e adatti alle vostre aspettative.<\/p><p>Il sito utilizza:<\/p><p>Google Ads<\/p><p>Plezi<\/p><p>Potete rifiutarli in qualsiasi momento tramite il nostro banner dei cookie (v. VI. Gestione dei cookie). Se li accettate, le informazioni registrate grazie ai cookie saranno conservate per un massimo di 13 mesi. <\/p><p>Cookie di misurazione dell\u2019audience e delle interazioni sul nostro sito<\/p><p>Questi cookie permettono di monitorare l&#8217;audience del Sito al fine di generare dati statistici sull&#8217;uso che ne viene fatto. Ci permettono di migliorare le prestazioni del Sito e di proporvi contenuti personalizzati. <\/p><p>Il sito utilizza:<\/p><p>Google Analytics<\/p><p>Hotjar<\/p><p>Potete rifiutarli in qualsiasi momento tramite il nostro banner dei cookie (v. VI. Gestione dei cookie). Se li accettate, le informazioni registrate grazie ai cookie saranno conservate per un massimo di 13 mesi. <\/p><\/div><div class=\"paragraphe\"><h2 class=\"bold\">IV. Consenso al deposito dei cookie <\/h2><p class=\"lead\">La prima volta che accedete al Sito, visualizzerete un banner dedicato ai cookie che vi propone di: Accettare o rifiutare tutti i cookie. Il cookie tecnico che memorizza la vostra scelta viene depositato sul vostro terminale per una durata di 6 mesi: alla scadenza, vi chiederemo nuovamente di accettare, configurare o rifiutare i cookie.<\/p><\/div><div class=\"paragraphe\"><h2 class=\"bold\">V. Durata di conservazione dei cookie<\/h2><p class=\"lead\">I cookie di sessione scompaiono non appena lasciate il Sito, mentre i cookie cosiddetti permanenti rimangono sul vostro terminale fino alla scadenza della loro durata (massimo 13 mesi) o finch\u00e9 non li eliminate utilizzando le funzionalit\u00e0 del vostro browser (v. VI. Gestione dei cookie).<\/p><\/div><div class=\"paragraphe\"><h2 class=\"bold\">VI. Gestione dei cookie <\/h2><p class=\"lead\">1. Configurazione del browser web<\/p><p>Potete configurare il vostro browser web in qualsiasi momento e gratuitamente se desiderate che i cookie siano registrati nel vostro terminale o che siano rifiutati, sia sistematicamente che in base al loro emittente.<\/p><p>Tuttavia, il blocco totale dei cookie pu\u00f2 causare problemi di navigazione sui siti Internet.<\/p><p>Per la gestione dei cookie, la configurazione di ogni browser \u00e8 diversa. Essa \u00e8 descritta nel menu di aiuto del vostro browser, che vi permetter\u00e0 di sapere come modificare le vostre preferenze in materia di cookie. <\/p><p>A titolo di esempio, ecco i link alle procedure per configurare le vostre scelte dalle opzioni del browser:<\/p><p>Chrome<\/p><p>Firefox<\/p><p>Microsoft Edge<\/p><p>Opera<\/p><p>Per maggiori informazioni sulla configurazione dei cookie, potete consultare il sito web del Garante per la Protezione dei Dati Personali o della CNIL: https:\/\/www.cnil.fr\/fr\/cookies-les-outils-pour-les-maitriser.<\/p><\/div><div class=\"paragraphe\"><h2 class=\"bold\">VII. Garanzie dei nostri partner <\/h2><p class=\"lead\">Il sito si avvale di alcuni servizi offerti da siti terzi. Queste funzionalit\u00e0 utilizzano cookie di terze parti depositati direttamente da tali servizi. Durante la vostra prima visita sul Sito, il banner dei cookie vi informa della presenza di questi cookie e vi invita a indicare la vostra scelta. Saranno depositati solo previo vostro consenso.   <\/p><p>A titolo informativo, ecco i link alle politiche sulla privacy dei nostri partner:<\/p><p>Google Analytics<\/p><p>Google Ads<\/p><p>Hotjar<\/p><\/div><div class=\"paragraphe\"><h2 class=\"bold\">VIII. Informazioni complementari <\/h2><p class=\"lead\">Potete consultare in ogni momento la nostra Informativa sulla privacy se desiderate saperne di pi\u00f9 su come gestiamo i vostri Dati Personali. Per qualsiasi altra informazione, potete contattarci via email all&#8217;indirizzo contact@www.weproc.com. <\/p><\/div><div class=\"uicore elementor-container uicore-content-wrapper uicore-no-editor\"><div class=\"uicore-content\"><div class=\"paragraphe\"><div class=\"paragraphe\"> <\/div><\/div><\/div><\/div><\/div><\/article><\/div><\/div>\t\t\t\t\t\t\t\t<\/div>\n\t\t\t\t<\/div>\n\t\t\t\t\t<\/div>\n\t\t\t\t<\/div>\n\t\t\t\t<\/div>\n\t\t","protected":false},"excerpt":{"rendered":"<p>La presente Informativa sui cookie ha lo scopo di informare gli utenti del sito web di WEPROC (https:\/\/www.pro.www.weproc.com) sulla natura e l&#8217;utilizzo dei cookie, nonch\u00e9 sugli strumenti che consentono di configurarli. Per verificare gli aggiornamenti di questa Informativa, vi invitiamo a consultare regolarmente questa pagina. Durante la consultazione del sito web di WEPROC, il deposito [&hellip;]<\/p>\n","protected":false},"author":7,"featured_media":18181,"parent":0,"menu_order":0,"comment_status":"closed","ping_status":"closed","template":"","meta":{"inline_featured_image":false,"footnotes":""},"class_list":["post-34431","page","type-page","status-publish","has-post-thumbnail","hentry"],"yoast_head":"<!-- This site is optimized with the Yoast SEO plugin v26.3 - https:\/\/yoast.com\/wordpress\/plugins\/seo\/ -->\n<title>Informativa sui Cookie Weproc<\/title>\n<meta name=\"description\" content=\"Consulta l&#039;informativa sui cookie di WEPROC: scopri di pi\u00f9 sulla natura e sull&#039;utilizzo dei tracciatori sul nostro sito e configura le tue preferenze di consenso.\" \/>\n<meta name=\"robots\" content=\"noindex, follow\" \/>\n<meta property=\"og:locale\" content=\"it_IT\" \/>\n<meta property=\"og:type\" content=\"article\" \/>\n<meta property=\"og:title\" content=\"Informativa sui Cookie Weproc\" \/>\n<meta property=\"og:description\" content=\"Consulta l&#039;informativa sui cookie di WEPROC: scopri di pi\u00f9 sulla natura e sull&#039;utilizzo dei tracciatori sul nostro sito e configura le tue preferenze di consenso.\" \/>\n<meta property=\"og:url\" content=\"https:\/\/www.weproc.com\/it\/cookie\/\" \/>\n<meta property=\"og:site_name\" content=\"Weproc, Logiciel de Gestion des Achats\" \/>\n<meta property=\"article:publisher\" content=\"https:\/\/www.linkedin.com\/company\/weproc\" \/>\n<meta property=\"article:modified_time\" content=\"2026-02-27T09:35:49+00:00\" \/>\n<meta property=\"og:image\" content=\"https:\/\/www.weproc.com\/wp-content\/uploads\/2024\/07\/weproc-fr.png\" \/>\n\t<meta property=\"og:image:width\" content=\"1200\" \/>\n\t<meta property=\"og:image:height\" content=\"630\" \/>\n\t<meta property=\"og:image:type\" content=\"image\/png\" \/>\n<meta name=\"twitter:card\" content=\"summary_large_image\" \/>\n<meta name=\"twitter:label1\" content=\"Tempo di lettura stimato\" \/>\n\t<meta name=\"twitter:data1\" content=\"5 minuti\" \/>\n<script type=\"application\/ld+json\" class=\"yoast-schema-graph\">{\"@context\":\"https:\/\/schema.org\",\"@graph\":[{\"@type\":\"WebPage\",\"@id\":\"https:\/\/www.weproc.com\/it\/cookie\/\",\"url\":\"https:\/\/www.weproc.com\/it\/cookie\/\",\"name\":\"Informativa sui Cookie Weproc\",\"isPartOf\":{\"@id\":\"https:\/\/www.weproc.com\/it\/#website\"},\"primaryImageOfPage\":{\"@id\":\"https:\/\/www.weproc.com\/it\/cookie\/#primaryimage\"},\"image\":{\"@id\":\"https:\/\/www.weproc.com\/it\/cookie\/#primaryimage\"},\"thumbnailUrl\":\"https:\/\/www.weproc.com\/wp-content\/uploads\/2024\/07\/weproc-fr.png\",\"datePublished\":\"2024-03-19T14:30:34+00:00\",\"dateModified\":\"2026-02-27T09:35:49+00:00\",\"description\":\"Consulta l'informativa sui cookie di WEPROC: scopri di pi\u00f9 sulla natura e sull'utilizzo dei tracciatori sul nostro sito e configura le tue preferenze di consenso.\",\"breadcrumb\":{\"@id\":\"https:\/\/www.weproc.com\/it\/cookie\/#breadcrumb\"},\"inLanguage\":\"it-IT\",\"potentialAction\":[{\"@type\":\"ReadAction\",\"target\":[\"https:\/\/www.weproc.com\/it\/cookie\/\"]}]},{\"@type\":\"ImageObject\",\"inLanguage\":\"it-IT\",\"@id\":\"https:\/\/www.weproc.com\/it\/cookie\/#primaryimage\",\"url\":\"https:\/\/www.weproc.com\/wp-content\/uploads\/2024\/07\/weproc-fr.png\",\"contentUrl\":\"https:\/\/www.weproc.com\/wp-content\/uploads\/2024\/07\/weproc-fr.png\",\"width\":1200,\"height\":630,\"caption\":\"weproc\"},{\"@type\":\"BreadcrumbList\",\"@id\":\"https:\/\/www.weproc.com\/it\/cookie\/#breadcrumb\",\"itemListElement\":[{\"@type\":\"ListItem\",\"position\":1,\"name\":\"Accueil\",\"item\":\"https:\/\/www.weproc.com\/it\/\"},{\"@type\":\"ListItem\",\"position\":2,\"name\":\"Cookie\"}]},{\"@type\":\"WebSite\",\"@id\":\"https:\/\/www.weproc.com\/it\/#website\",\"url\":\"https:\/\/www.weproc.com\/it\/\",\"name\":\"Weproc\",\"description\":\"eProcurement\",\"publisher\":{\"@id\":\"https:\/\/www.weproc.com\/it\/#organization\"},\"potentialAction\":[{\"@type\":\"SearchAction\",\"target\":{\"@type\":\"EntryPoint\",\"urlTemplate\":\"https:\/\/www.weproc.com\/it\/?s={search_term_string}\"},\"query-input\":{\"@type\":\"PropertyValueSpecification\",\"valueRequired\":true,\"valueName\":\"search_term_string\"}}],\"inLanguage\":\"it-IT\"},{\"@type\":\"Organization\",\"@id\":\"https:\/\/www.weproc.com\/it\/#organization\",\"name\":\"Weproc\",\"url\":\"https:\/\/www.weproc.com\/it\/\",\"logo\":{\"@type\":\"ImageObject\",\"inLanguage\":\"it-IT\",\"@id\":\"https:\/\/www.weproc.com\/it\/#\/schema\/logo\/image\/\",\"url\":\"https:\/\/www.weproc.com\/wp-content\/uploads\/2025\/12\/cropped-logo-weproc.png\",\"contentUrl\":\"https:\/\/www.weproc.com\/wp-content\/uploads\/2025\/12\/cropped-logo-weproc.png\",\"width\":512,\"height\":512,\"caption\":\"Weproc\"},\"image\":{\"@id\":\"https:\/\/www.weproc.com\/it\/#\/schema\/logo\/image\/\"},\"sameAs\":[\"https:\/\/www.linkedin.com\/company\/weproc\",\"https:\/\/www.youtube.com\/@weproc\"]}]}<\/script>\n<!-- \/ Yoast SEO plugin. -->","yoast_head_json":{"title":"Informativa sui Cookie Weproc","description":"Consulta l'informativa sui cookie di WEPROC: scopri di pi\u00f9 sulla natura e sull'utilizzo dei tracciatori sul nostro sito e configura le tue preferenze di consenso.","robots":{"index":"noindex","follow":"follow"},"og_locale":"it_IT","og_type":"article","og_title":"Informativa sui Cookie Weproc","og_description":"Consulta l'informativa sui cookie di WEPROC: scopri di pi\u00f9 sulla natura e sull'utilizzo dei tracciatori sul nostro sito e configura le tue preferenze di consenso.","og_url":"https:\/\/www.weproc.com\/it\/cookie\/","og_site_name":"Weproc, Logiciel de Gestion des Achats","article_publisher":"https:\/\/www.linkedin.com\/company\/weproc","article_modified_time":"2026-02-27T09:35:49+00:00","og_image":[{"width":1200,"height":630,"url":"https:\/\/www.weproc.com\/wp-content\/uploads\/2024\/07\/weproc-fr.png","type":"image\/png"}],"twitter_card":"summary_large_image","twitter_misc":{"Tempo di lettura stimato":"5 minuti"},"schema":{"@context":"https:\/\/schema.org","@graph":[{"@type":"WebPage","@id":"https:\/\/www.weproc.com\/it\/cookie\/","url":"https:\/\/www.weproc.com\/it\/cookie\/","name":"Informativa sui Cookie Weproc","isPartOf":{"@id":"https:\/\/www.weproc.com\/it\/#website"},"primaryImageOfPage":{"@id":"https:\/\/www.weproc.com\/it\/cookie\/#primaryimage"},"image":{"@id":"https:\/\/www.weproc.com\/it\/cookie\/#primaryimage"},"thumbnailUrl":"https:\/\/www.weproc.com\/wp-content\/uploads\/2024\/07\/weproc-fr.png","datePublished":"2024-03-19T14:30:34+00:00","dateModified":"2026-02-27T09:35:49+00:00","description":"Consulta l'informativa sui cookie di WEPROC: scopri di pi\u00f9 sulla natura e sull'utilizzo dei tracciatori sul nostro sito e configura le tue preferenze di consenso.","breadcrumb":{"@id":"https:\/\/www.weproc.com\/it\/cookie\/#breadcrumb"},"inLanguage":"it-IT","potentialAction":[{"@type":"ReadAction","target":["https:\/\/www.weproc.com\/it\/cookie\/"]}]},{"@type":"ImageObject","inLanguage":"it-IT","@id":"https:\/\/www.weproc.com\/it\/cookie\/#primaryimage","url":"https:\/\/www.weproc.com\/wp-content\/uploads\/2024\/07\/weproc-fr.png","contentUrl":"https:\/\/www.weproc.com\/wp-content\/uploads\/2024\/07\/weproc-fr.png","width":1200,"height":630,"caption":"weproc"},{"@type":"BreadcrumbList","@id":"https:\/\/www.weproc.com\/it\/cookie\/#breadcrumb","itemListElement":[{"@type":"ListItem","position":1,"name":"Accueil","item":"https:\/\/www.weproc.com\/it\/"},{"@type":"ListItem","position":2,"name":"Cookie"}]},{"@type":"WebSite","@id":"https:\/\/www.weproc.com\/it\/#website","url":"https:\/\/www.weproc.com\/it\/","name":"Weproc","description":"eProcurement","publisher":{"@id":"https:\/\/www.weproc.com\/it\/#organization"},"potentialAction":[{"@type":"SearchAction","target":{"@type":"EntryPoint","urlTemplate":"https:\/\/www.weproc.com\/it\/?s={search_term_string}"},"query-input":{"@type":"PropertyValueSpecification","valueRequired":true,"valueName":"search_term_string"}}],"inLanguage":"it-IT"},{"@type":"Organization","@id":"https:\/\/www.weproc.com\/it\/#organization","name":"Weproc","url":"https:\/\/www.weproc.com\/it\/","logo":{"@type":"ImageObject","inLanguage":"it-IT","@id":"https:\/\/www.weproc.com\/it\/#\/schema\/logo\/image\/","url":"https:\/\/www.weproc.com\/wp-content\/uploads\/2025\/12\/cropped-logo-weproc.png","contentUrl":"https:\/\/www.weproc.com\/wp-content\/uploads\/2025\/12\/cropped-logo-weproc.png","width":512,"height":512,"caption":"Weproc"},"image":{"@id":"https:\/\/www.weproc.com\/it\/#\/schema\/logo\/image\/"},"sameAs":["https:\/\/www.linkedin.com\/company\/weproc","https:\/\/www.youtube.com\/@weproc"]}]}},"_links":{"self":[{"href":"https:\/\/www.weproc.com\/it\/wp-json\/wp\/v2\/pages\/34431","targetHints":{"allow":["GET"]}}],"collection":[{"href":"https:\/\/www.weproc.com\/it\/wp-json\/wp\/v2\/pages"}],"about":[{"href":"https:\/\/www.weproc.com\/it\/wp-json\/wp\/v2\/types\/page"}],"author":[{"embeddable":true,"href":"https:\/\/www.weproc.com\/it\/wp-json\/wp\/v2\/users\/7"}],"replies":[{"embeddable":true,"href":"https:\/\/www.weproc.com\/it\/wp-json\/wp\/v2\/comments?post=34431"}],"version-history":[{"count":1,"href":"https:\/\/www.weproc.com\/it\/wp-json\/wp\/v2\/pages\/34431\/revisions"}],"predecessor-version":[{"id":34432,"href":"https:\/\/www.weproc.com\/it\/wp-json\/wp\/v2\/pages\/34431\/revisions\/34432"}],"wp:featuredmedia":[{"embeddable":true,"href":"https:\/\/www.weproc.com\/it\/wp-json\/wp\/v2\/media\/18181"}],"wp:attachment":[{"href":"https:\/\/www.weproc.com\/it\/wp-json\/wp\/v2\/media?parent=34431"}],"curies":[{"name":"wp","href":"https:\/\/api.w.org\/{rel}","templated":true}]}}