{"id":40381,"date":"2026-03-04T16:37:27","date_gmt":"2026-03-04T15:37:27","guid":{"rendered":"https:\/\/www.weproc.com\/?page_id=40381"},"modified":"2026-03-04T16:39:48","modified_gmt":"2026-03-04T15:39:48","slug":"calculateur","status":"publish","type":"page","link":"https:\/\/www.weproc.com\/fr\/tarif\/calculateur\/","title":{"rendered":"Calculateur"},"content":{"rendered":"\t\t<div data-elementor-type=\"wp-page\" data-elementor-id=\"40381\" class=\"elementor elementor-40381\" data-elementor-settings=\"{&quot;element_pack_global_tooltip_width&quot;:{&quot;unit&quot;:&quot;px&quot;,&quot;size&quot;:&quot;&quot;,&quot;sizes&quot;:[]},&quot;element_pack_global_tooltip_width_widescreen&quot;:{&quot;unit&quot;:&quot;px&quot;,&quot;size&quot;:&quot;&quot;,&quot;sizes&quot;:[]},&quot;element_pack_global_tooltip_width_tablet_extra&quot;:{&quot;unit&quot;:&quot;px&quot;,&quot;size&quot;:&quot;&quot;,&quot;sizes&quot;:[]},&quot;element_pack_global_tooltip_width_tablet&quot;:{&quot;unit&quot;:&quot;px&quot;,&quot;size&quot;:&quot;&quot;,&quot;sizes&quot;:[]},&quot;element_pack_global_tooltip_width_mobile&quot;:{&quot;unit&quot;:&quot;px&quot;,&quot;size&quot;:&quot;&quot;,&quot;sizes&quot;:[]},&quot;element_pack_global_tooltip_padding&quot;:{&quot;unit&quot;:&quot;px&quot;,&quot;top&quot;:&quot;&quot;,&quot;right&quot;:&quot;&quot;,&quot;bottom&quot;:&quot;&quot;,&quot;left&quot;:&quot;&quot;,&quot;isLinked&quot;:true},&quot;element_pack_global_tooltip_padding_widescreen&quot;:{&quot;unit&quot;:&quot;px&quot;,&quot;top&quot;:&quot;&quot;,&quot;right&quot;:&quot;&quot;,&quot;bottom&quot;:&quot;&quot;,&quot;left&quot;:&quot;&quot;,&quot;isLinked&quot;:true},&quot;element_pack_global_tooltip_padding_tablet_extra&quot;:{&quot;unit&quot;:&quot;px&quot;,&quot;top&quot;:&quot;&quot;,&quot;right&quot;:&quot;&quot;,&quot;bottom&quot;:&quot;&quot;,&quot;left&quot;:&quot;&quot;,&quot;isLinked&quot;:true},&quot;element_pack_global_tooltip_padding_tablet&quot;:{&quot;unit&quot;:&quot;px&quot;,&quot;top&quot;:&quot;&quot;,&quot;right&quot;:&quot;&quot;,&quot;bottom&quot;:&quot;&quot;,&quot;left&quot;:&quot;&quot;,&quot;isLinked&quot;:true},&quot;element_pack_global_tooltip_padding_mobile&quot;:{&quot;unit&quot;:&quot;px&quot;,&quot;top&quot;:&quot;&quot;,&quot;right&quot;:&quot;&quot;,&quot;bottom&quot;:&quot;&quot;,&quot;left&quot;:&quot;&quot;,&quot;isLinked&quot;:true},&quot;element_pack_global_tooltip_border_radius&quot;:{&quot;unit&quot;:&quot;px&quot;,&quot;top&quot;:&quot;&quot;,&quot;right&quot;:&quot;&quot;,&quot;bottom&quot;:&quot;&quot;,&quot;left&quot;:&quot;&quot;,&quot;isLinked&quot;:true},&quot;element_pack_global_tooltip_border_radius_widescreen&quot;:{&quot;unit&quot;:&quot;px&quot;,&quot;top&quot;:&quot;&quot;,&quot;right&quot;:&quot;&quot;,&quot;bottom&quot;:&quot;&quot;,&quot;left&quot;:&quot;&quot;,&quot;isLinked&quot;:true},&quot;element_pack_global_tooltip_border_radius_tablet_extra&quot;:{&quot;unit&quot;:&quot;px&quot;,&quot;top&quot;:&quot;&quot;,&quot;right&quot;:&quot;&quot;,&quot;bottom&quot;:&quot;&quot;,&quot;left&quot;:&quot;&quot;,&quot;isLinked&quot;:true},&quot;element_pack_global_tooltip_border_radius_tablet&quot;:{&quot;unit&quot;:&quot;px&quot;,&quot;top&quot;:&quot;&quot;,&quot;right&quot;:&quot;&quot;,&quot;bottom&quot;:&quot;&quot;,&quot;left&quot;:&quot;&quot;,&quot;isLinked&quot;:true},&quot;element_pack_global_tooltip_border_radius_mobile&quot;:{&quot;unit&quot;:&quot;px&quot;,&quot;top&quot;:&quot;&quot;,&quot;right&quot;:&quot;&quot;,&quot;bottom&quot;:&quot;&quot;,&quot;left&quot;:&quot;&quot;,&quot;isLinked&quot;:true}}\" data-elementor-post-type=\"page\">\n\t\t\t\t<div class=\"elementor-element elementor-element-14ec12e e-flex e-con-boxed e-con e-parent\" data-id=\"14ec12e\" data-element_type=\"container\">\n\t\t\t\t\t<div class=\"e-con-inner\">\n\t\t\t\t<div class=\"elementor-element elementor-element-0fc152e bdt-hide-entries-on-mobile-yes elementor-widget elementor-widget-bdt-table\" data-id=\"0fc152e\" data-element_type=\"widget\" data-widget_type=\"bdt-table.default\">\n\t\t\t\t<div class=\"elementor-widget-container\">\n\t\t\t\t\t\t\t<div class=\"bdt-table bdt-table-default-responsive \" id=\"bdt-table-0fc152e\">\n\n\n\t\t\t<script type=\"application\/ld+json\">\n{\n  \"@context\": \"https:\/\/schema.org\",\n  \"@type\": \"WebApplication\",\n  \"name\": \"Calculateur de prix Weproc\",\n  \"description\": \"Simulateur en ligne pour estimer le tarif du logiciel de gestion des achats Weproc selon le nombre d'utilisateurs et les modules s\u00e9lectionn\u00e9s.\",\n  \"url\": \"https:\/\/www.weproc.com\/fr\/tarif\/calculateur\/\",\n  \"applicationCategory\": \"BusinessApplication\",\n  \"operatingSystem\": \"Web\",\n  \"offers\": {\n    \"@type\": \"AggregateOffer\",\n    \"priceCurrency\": \"EUR\",\n    \"lowPrice\": \"50\",\n    \"highPrice\": \"75\",\n    \"unitText\": \"HT\/utilisateur\/mois\"\n  },\n  \"provider\": {\n    \"@type\": \"Organization\",\n    \"name\": \"Weproc\",\n    \"url\": \"https:\/\/www.weproc.com\"\n  }\n}\n<\/script>\n\t\t<\/div>\n\t\t\t\t\t\t<\/div>\n\t\t\t\t<\/div>\n\t\t\t\t<div class=\"elementor-element elementor-element-ac1546f ui-e-a-animate elementor-widget elementor-widget-highlighted-text\" data-id=\"ac1546f\" data-element_type=\"widget\" data-widget_type=\"highlighted-text.default\">\n\t\t\t\t<div class=\"elementor-widget-container\">\n\t\t\t\t\t        <h1 class=\"ui-e--highlighted-text\">\n            <span class=\"ui-e-headline-text elementor-repeater-item-5589f9b\">Calculez le prix de votre solution <\/span><span class=\"ui-e-headline-text elementor-repeater-item-0c0d2b0\">Weproc<\/span>        <\/h1>\n    \t\t\t\t<\/div>\n\t\t\t\t<\/div>\n\t\t\t\t<div class=\"elementor-element elementor-element-7bf1fd4 elementor-widget__width-initial elementor-widget elementor-widget-text-editor\" data-id=\"7bf1fd4\" data-element_type=\"widget\" data-widget_type=\"text-editor.default\">\n\t\t\t\t<div class=\"elementor-widget-container\">\n\t\t\t\t\t\t\t\t\t<p class=\"font-claude-response-body break-words whitespace-normal leading-[1.7]\">Utilisez notre simulateur pour estimer le co\u00fbt de votre logiciel de gestion des achats. S\u00e9lectionnez votre nombre d&rsquo;utilisateurs, les modules souhait\u00e9s et obtenez un tarif personnalis\u00e9 en temps r\u00e9el. De 1 \u00e0 500+ utilisateurs, Weproc s&rsquo;adapte \u00e0 la taille de votre entreprise.<\/p><p class=\"font-claude-response-body break-words whitespace-normal leading-[1.7]\">\u00a0<\/p>\t\t\t\t\t\t\t\t<\/div>\n\t\t\t\t<\/div>\n\t\t\t\t\t<\/div>\n\t\t\t\t<\/div>\n\t\t<div class=\"elementor-element elementor-element-8faaf4b e-flex e-con-boxed e-con e-parent\" data-id=\"8faaf4b\" data-element_type=\"container\">\n\t\t\t\t\t<div class=\"e-con-inner\">\n\t\t\t\t<div class=\"elementor-element elementor-element-7d6654f elementor-widget elementor-widget-html\" data-id=\"7d6654f\" data-element_type=\"widget\" data-widget_type=\"html.default\">\n\t\t\t\t<div class=\"elementor-widget-container\">\n\t\t\t\t\t<iframe \n  src=\"https:\/\/weproc-price-builder.lovable.app\/\" \n  width=\"100%\" \n  height=\"1500\" \n  style=\"border:none; border-radius:12px;\"\n  title=\"Calculateur de prix Weproc\"\n  loading=\"lazy\">\n<\/iframe>\t\t\t\t<\/div>\n\t\t\t\t<\/div>\n\t\t\t\t\t<\/div>\n\t\t\t\t<\/div>\n\t\t\t\t<\/div>\n\t\t","protected":false},"excerpt":{"rendered":"<p>Calculez le prix de votre solution Weproc Utilisez notre simulateur pour estimer le co\u00fbt de votre logiciel de gestion des achats. S\u00e9lectionnez votre nombre d&rsquo;utilisateurs, les modules souhait\u00e9s et obtenez un tarif personnalis\u00e9 en temps r\u00e9el. De 1 \u00e0 500+ utilisateurs, Weproc s&rsquo;adapte \u00e0 la taille de votre entreprise. \u00a0<\/p>\n","protected":false},"author":9,"featured_media":0,"parent":40362,"menu_order":0,"comment_status":"closed","ping_status":"closed","template":"","meta":{"inline_featured_image":false,"footnotes":""},"class_list":["post-40381","page","type-page","status-publish","hentry"],"yoast_head":"<!-- This site is optimized with the Yoast SEO plugin v26.3 - https:\/\/yoast.com\/wordpress\/plugins\/seo\/ -->\n<title>Calculateur de prix Weproc | Estimez votre tarif en ligne<\/title>\n<meta name=\"description\" content=\"Estimez le co\u00fbt de votre logiciel de gestion des achats Weproc en quelques clics. Simulez votre tarif selon le nombre d&#039;utilisateurs et les modules choisis.\" \/>\n<meta name=\"robots\" content=\"index, follow, max-snippet:-1, max-image-preview:large, max-video-preview:-1\" \/>\n<link rel=\"canonical\" href=\"https:\/\/www.weproc.com\/fr\/tarif\/calculateur\/\" \/>\n<meta property=\"og:locale\" content=\"fr_FR\" \/>\n<meta property=\"og:type\" content=\"article\" \/>\n<meta property=\"og:title\" content=\"Calculateur de prix Weproc | Estimez votre tarif en ligne\" \/>\n<meta property=\"og:description\" content=\"Estimez le co\u00fbt de votre logiciel de gestion des achats Weproc en quelques clics. Simulez votre tarif selon le nombre d&#039;utilisateurs et les modules choisis.\" \/>\n<meta property=\"og:url\" content=\"https:\/\/www.weproc.com\/fr\/tarif\/calculateur\/\" \/>\n<meta property=\"og:site_name\" content=\"Weproc, Logiciel de Gestion des Achats\" \/>\n<meta property=\"article:publisher\" content=\"https:\/\/www.linkedin.com\/company\/weproc\" \/>\n<meta property=\"article:modified_time\" content=\"2026-03-04T15:39:48+00:00\" \/>\n<meta name=\"twitter:card\" content=\"summary_large_image\" \/>\n<meta name=\"twitter:label1\" content=\"Dur\u00e9e de lecture estim\u00e9e\" \/>\n\t<meta name=\"twitter:data1\" content=\"1 minute\" \/>\n<script type=\"application\/ld+json\" class=\"yoast-schema-graph\">{\"@context\":\"https:\/\/schema.org\",\"@graph\":[{\"@type\":\"WebPage\",\"@id\":\"https:\/\/www.weproc.com\/fr\/tarif\/calculateur\/\",\"url\":\"https:\/\/www.weproc.com\/fr\/tarif\/calculateur\/\",\"name\":\"Calculateur de prix Weproc | Estimez votre tarif en ligne\",\"isPartOf\":{\"@id\":\"https:\/\/www.weproc.com\/fr\/#website\"},\"datePublished\":\"2026-03-04T15:37:27+00:00\",\"dateModified\":\"2026-03-04T15:39:48+00:00\",\"description\":\"Estimez le co\u00fbt de votre logiciel de gestion des achats Weproc en quelques clics. Simulez votre tarif selon le nombre d'utilisateurs et les modules choisis.\",\"breadcrumb\":{\"@id\":\"https:\/\/www.weproc.com\/fr\/tarif\/calculateur\/#breadcrumb\"},\"inLanguage\":\"fr-FR\",\"potentialAction\":[{\"@type\":\"ReadAction\",\"target\":[\"https:\/\/www.weproc.com\/fr\/tarif\/calculateur\/\"]}]},{\"@type\":\"BreadcrumbList\",\"@id\":\"https:\/\/www.weproc.com\/fr\/tarif\/calculateur\/#breadcrumb\",\"itemListElement\":[{\"@type\":\"ListItem\",\"position\":1,\"name\":\"Accueil\",\"item\":\"https:\/\/www.weproc.com\/fr\/\"},{\"@type\":\"ListItem\",\"position\":2,\"name\":\"Tarif\",\"item\":\"https:\/\/www.weproc.com\/fr\/tarif\/\"},{\"@type\":\"ListItem\",\"position\":3,\"name\":\"Calculateur\"}]},{\"@type\":\"WebSite\",\"@id\":\"https:\/\/www.weproc.com\/fr\/#website\",\"url\":\"https:\/\/www.weproc.com\/fr\/\",\"name\":\"Weproc\",\"description\":\"eProcurement\",\"publisher\":{\"@id\":\"https:\/\/www.weproc.com\/fr\/#organization\"},\"potentialAction\":[{\"@type\":\"SearchAction\",\"target\":{\"@type\":\"EntryPoint\",\"urlTemplate\":\"https:\/\/www.weproc.com\/fr\/?s={search_term_string}\"},\"query-input\":{\"@type\":\"PropertyValueSpecification\",\"valueRequired\":true,\"valueName\":\"search_term_string\"}}],\"inLanguage\":\"fr-FR\"},{\"@type\":\"Organization\",\"@id\":\"https:\/\/www.weproc.com\/fr\/#organization\",\"name\":\"Weproc\",\"url\":\"https:\/\/www.weproc.com\/fr\/\",\"logo\":{\"@type\":\"ImageObject\",\"inLanguage\":\"fr-FR\",\"@id\":\"https:\/\/www.weproc.com\/fr\/#\/schema\/logo\/image\/\",\"url\":\"https:\/\/www.weproc.com\/wp-content\/uploads\/2025\/12\/cropped-logo-weproc.png\",\"contentUrl\":\"https:\/\/www.weproc.com\/wp-content\/uploads\/2025\/12\/cropped-logo-weproc.png\",\"width\":512,\"height\":512,\"caption\":\"Weproc\"},\"image\":{\"@id\":\"https:\/\/www.weproc.com\/fr\/#\/schema\/logo\/image\/\"},\"sameAs\":[\"https:\/\/www.linkedin.com\/company\/weproc\",\"https:\/\/www.youtube.com\/@weproc\"]}]}<\/script>\n<!-- \/ Yoast SEO plugin. -->","yoast_head_json":{"title":"Calculateur de prix Weproc | Estimez votre tarif en ligne","description":"Estimez le co\u00fbt de votre logiciel de gestion des achats Weproc en quelques clics. Simulez votre tarif selon le nombre d'utilisateurs et les modules choisis.","robots":{"index":"index","follow":"follow","max-snippet":"max-snippet:-1","max-image-preview":"max-image-preview:large","max-video-preview":"max-video-preview:-1"},"canonical":"https:\/\/www.weproc.com\/fr\/tarif\/calculateur\/","og_locale":"fr_FR","og_type":"article","og_title":"Calculateur de prix Weproc | Estimez votre tarif en ligne","og_description":"Estimez le co\u00fbt de votre logiciel de gestion des achats Weproc en quelques clics. Simulez votre tarif selon le nombre d'utilisateurs et les modules choisis.","og_url":"https:\/\/www.weproc.com\/fr\/tarif\/calculateur\/","og_site_name":"Weproc, Logiciel de Gestion des Achats","article_publisher":"https:\/\/www.linkedin.com\/company\/weproc","article_modified_time":"2026-03-04T15:39:48+00:00","twitter_card":"summary_large_image","twitter_misc":{"Dur\u00e9e de lecture estim\u00e9e":"1 minute"},"schema":{"@context":"https:\/\/schema.org","@graph":[{"@type":"WebPage","@id":"https:\/\/www.weproc.com\/fr\/tarif\/calculateur\/","url":"https:\/\/www.weproc.com\/fr\/tarif\/calculateur\/","name":"Calculateur de prix Weproc | Estimez votre tarif en ligne","isPartOf":{"@id":"https:\/\/www.weproc.com\/fr\/#website"},"datePublished":"2026-03-04T15:37:27+00:00","dateModified":"2026-03-04T15:39:48+00:00","description":"Estimez le co\u00fbt de votre logiciel de gestion des achats Weproc en quelques clics. Simulez votre tarif selon le nombre d'utilisateurs et les modules choisis.","breadcrumb":{"@id":"https:\/\/www.weproc.com\/fr\/tarif\/calculateur\/#breadcrumb"},"inLanguage":"fr-FR","potentialAction":[{"@type":"ReadAction","target":["https:\/\/www.weproc.com\/fr\/tarif\/calculateur\/"]}]},{"@type":"BreadcrumbList","@id":"https:\/\/www.weproc.com\/fr\/tarif\/calculateur\/#breadcrumb","itemListElement":[{"@type":"ListItem","position":1,"name":"Accueil","item":"https:\/\/www.weproc.com\/fr\/"},{"@type":"ListItem","position":2,"name":"Tarif","item":"https:\/\/www.weproc.com\/fr\/tarif\/"},{"@type":"ListItem","position":3,"name":"Calculateur"}]},{"@type":"WebSite","@id":"https:\/\/www.weproc.com\/fr\/#website","url":"https:\/\/www.weproc.com\/fr\/","name":"Weproc","description":"eProcurement","publisher":{"@id":"https:\/\/www.weproc.com\/fr\/#organization"},"potentialAction":[{"@type":"SearchAction","target":{"@type":"EntryPoint","urlTemplate":"https:\/\/www.weproc.com\/fr\/?s={search_term_string}"},"query-input":{"@type":"PropertyValueSpecification","valueRequired":true,"valueName":"search_term_string"}}],"inLanguage":"fr-FR"},{"@type":"Organization","@id":"https:\/\/www.weproc.com\/fr\/#organization","name":"Weproc","url":"https:\/\/www.weproc.com\/fr\/","logo":{"@type":"ImageObject","inLanguage":"fr-FR","@id":"https:\/\/www.weproc.com\/fr\/#\/schema\/logo\/image\/","url":"https:\/\/www.weproc.com\/wp-content\/uploads\/2025\/12\/cropped-logo-weproc.png","contentUrl":"https:\/\/www.weproc.com\/wp-content\/uploads\/2025\/12\/cropped-logo-weproc.png","width":512,"height":512,"caption":"Weproc"},"image":{"@id":"https:\/\/www.weproc.com\/fr\/#\/schema\/logo\/image\/"},"sameAs":["https:\/\/www.linkedin.com\/company\/weproc","https:\/\/www.youtube.com\/@weproc"]}]}},"_links":{"self":[{"href":"https:\/\/www.weproc.com\/fr\/wp-json\/wp\/v2\/pages\/40381","targetHints":{"allow":["GET"]}}],"collection":[{"href":"https:\/\/www.weproc.com\/fr\/wp-json\/wp\/v2\/pages"}],"about":[{"href":"https:\/\/www.weproc.com\/fr\/wp-json\/wp\/v2\/types\/page"}],"author":[{"embeddable":true,"href":"https:\/\/www.weproc.com\/fr\/wp-json\/wp\/v2\/users\/9"}],"replies":[{"embeddable":true,"href":"https:\/\/www.weproc.com\/fr\/wp-json\/wp\/v2\/comments?post=40381"}],"version-history":[{"count":19,"href":"https:\/\/www.weproc.com\/fr\/wp-json\/wp\/v2\/pages\/40381\/revisions"}],"predecessor-version":[{"id":40418,"href":"https:\/\/www.weproc.com\/fr\/wp-json\/wp\/v2\/pages\/40381\/revisions\/40418"}],"up":[{"embeddable":true,"href":"https:\/\/www.weproc.com\/fr\/wp-json\/wp\/v2\/pages\/40362"}],"wp:attachment":[{"href":"https:\/\/www.weproc.com\/fr\/wp-json\/wp\/v2\/media?parent=40381"}],"curies":[{"name":"wp","href":"https:\/\/api.w.org\/{rel}","templated":true}]}}