{"id":16149,"date":"2024-03-19T15:30:34","date_gmt":"2024-03-19T14:30:34","guid":{"rendered":"https:\/\/www.weproc.com\/?page_id=16149"},"modified":"2026-02-27T10:49:15","modified_gmt":"2026-02-27T09:49:15","slug":"cookies","status":"publish","type":"page","link":"https:\/\/www.weproc.com\/es\/cookies\/","title":{"rendered":"Galletas"},"content":{"rendered":"\t\t<div data-elementor-type=\"wp-page\" data-elementor-id=\"16149\" class=\"elementor elementor-16149 elementor-13069\" data-elementor-settings=\"{&quot;element_pack_global_tooltip_width&quot;:{&quot;unit&quot;:&quot;px&quot;,&quot;size&quot;:&quot;&quot;,&quot;sizes&quot;:[]},&quot;element_pack_global_tooltip_width_widescreen&quot;:{&quot;unit&quot;:&quot;px&quot;,&quot;size&quot;:&quot;&quot;,&quot;sizes&quot;:[]},&quot;element_pack_global_tooltip_width_tablet_extra&quot;:{&quot;unit&quot;:&quot;px&quot;,&quot;size&quot;:&quot;&quot;,&quot;sizes&quot;:[]},&quot;element_pack_global_tooltip_width_tablet&quot;:{&quot;unit&quot;:&quot;px&quot;,&quot;size&quot;:&quot;&quot;,&quot;sizes&quot;:[]},&quot;element_pack_global_tooltip_width_mobile&quot;:{&quot;unit&quot;:&quot;px&quot;,&quot;size&quot;:&quot;&quot;,&quot;sizes&quot;:[]},&quot;element_pack_global_tooltip_padding&quot;:{&quot;unit&quot;:&quot;px&quot;,&quot;top&quot;:&quot;&quot;,&quot;right&quot;:&quot;&quot;,&quot;bottom&quot;:&quot;&quot;,&quot;left&quot;:&quot;&quot;,&quot;isLinked&quot;:true},&quot;element_pack_global_tooltip_padding_widescreen&quot;:{&quot;unit&quot;:&quot;px&quot;,&quot;top&quot;:&quot;&quot;,&quot;right&quot;:&quot;&quot;,&quot;bottom&quot;:&quot;&quot;,&quot;left&quot;:&quot;&quot;,&quot;isLinked&quot;:true},&quot;element_pack_global_tooltip_padding_tablet_extra&quot;:{&quot;unit&quot;:&quot;px&quot;,&quot;top&quot;:&quot;&quot;,&quot;right&quot;:&quot;&quot;,&quot;bottom&quot;:&quot;&quot;,&quot;left&quot;:&quot;&quot;,&quot;isLinked&quot;:true},&quot;element_pack_global_tooltip_padding_tablet&quot;:{&quot;unit&quot;:&quot;px&quot;,&quot;top&quot;:&quot;&quot;,&quot;right&quot;:&quot;&quot;,&quot;bottom&quot;:&quot;&quot;,&quot;left&quot;:&quot;&quot;,&quot;isLinked&quot;:true},&quot;element_pack_global_tooltip_padding_mobile&quot;:{&quot;unit&quot;:&quot;px&quot;,&quot;top&quot;:&quot;&quot;,&quot;right&quot;:&quot;&quot;,&quot;bottom&quot;:&quot;&quot;,&quot;left&quot;:&quot;&quot;,&quot;isLinked&quot;:true},&quot;element_pack_global_tooltip_border_radius&quot;:{&quot;unit&quot;:&quot;px&quot;,&quot;top&quot;:&quot;&quot;,&quot;right&quot;:&quot;&quot;,&quot;bottom&quot;:&quot;&quot;,&quot;left&quot;:&quot;&quot;,&quot;isLinked&quot;:true},&quot;element_pack_global_tooltip_border_radius_widescreen&quot;:{&quot;unit&quot;:&quot;px&quot;,&quot;top&quot;:&quot;&quot;,&quot;right&quot;:&quot;&quot;,&quot;bottom&quot;:&quot;&quot;,&quot;left&quot;:&quot;&quot;,&quot;isLinked&quot;:true},&quot;element_pack_global_tooltip_border_radius_tablet_extra&quot;:{&quot;unit&quot;:&quot;px&quot;,&quot;top&quot;:&quot;&quot;,&quot;right&quot;:&quot;&quot;,&quot;bottom&quot;:&quot;&quot;,&quot;left&quot;:&quot;&quot;,&quot;isLinked&quot;:true},&quot;element_pack_global_tooltip_border_radius_tablet&quot;:{&quot;unit&quot;:&quot;px&quot;,&quot;top&quot;:&quot;&quot;,&quot;right&quot;:&quot;&quot;,&quot;bottom&quot;:&quot;&quot;,&quot;left&quot;:&quot;&quot;,&quot;isLinked&quot;:true},&quot;element_pack_global_tooltip_border_radius_mobile&quot;:{&quot;unit&quot;:&quot;px&quot;,&quot;top&quot;:&quot;&quot;,&quot;right&quot;:&quot;&quot;,&quot;bottom&quot;:&quot;&quot;,&quot;left&quot;:&quot;&quot;,&quot;isLinked&quot;:true}}\" data-elementor-post-type=\"page\">\n\t\t\t\t<div class=\"elementor-element elementor-element-11b7c0a e-flex e-con-boxed e-con e-parent\" data-id=\"11b7c0a\" data-element_type=\"container\">\n\t\t\t\t\t<div class=\"e-con-inner\">\n\t\t\t\t<div class=\"elementor-element elementor-element-39478c1 elementor-widget elementor-widget-heading\" data-id=\"39478c1\" data-element_type=\"widget\" data-widget_type=\"heading.default\">\n\t\t\t\t<div class=\"elementor-widget-container\">\n\t\t\t\t\t<h1 class=\"elementor-heading-title elementor-size-default\">Galletas<\/h1>\t\t\t\t<\/div>\n\t\t\t\t<\/div>\n\t\t\t\t\t<\/div>\n\t\t\t\t<\/div>\n\t\t<div class=\"elementor-element elementor-element-73bbae4 e-flex e-con-boxed e-con e-parent\" data-id=\"73bbae4\" data-element_type=\"container\">\n\t\t\t\t\t<div class=\"e-con-inner\">\n\t\t\t\t<div class=\"elementor-element elementor-element-71c542f elementor-widget elementor-widget-text-editor\" data-id=\"71c542f\" data-element_type=\"widget\" data-widget_type=\"text-editor.default\">\n\t\t\t\t<div class=\"elementor-widget-container\">\n\t\t\t\t\t\t\t\t\t<div id=\"content\" class=\"uicore-content\"><div id=\"primary\" class=\"content-area\"><article id=\"post-990\" class=\"post-990 page type-page status-publish hentry\"><div class=\"entry-content\"><div class=\"infos\"><p class=\"lead date\">La presente Pol\u00edtica de Cookies tiene como objetivo informar a los usuarios del sitio web de WEPROC (https:\/\/www.pro.www.weproc.com) sobre la naturaleza y el uso de las cookies, as\u00ed como sobre las herramientas que permiten configurarlas. Para comprobar las actualizaciones de esta Pol\u00edtica, le invitamos a consultar regularmente esta p\u00e1gina. Al consultar el sitio web de WEPROC, el almacenamiento de cookies en el dispositivo que utiliza est\u00e1 sujeto a su consentimiento, siempre que dichas cookies no sean estrictamente necesarias para el funcionamiento del Sitio.  <\/p><\/div><div class=\"paragraphe\"><h2 class=\"bold\">I. \u00bfQu\u00e9 es una cookie?<\/h2><p class=\"lead\">Una cookie es un archivo de peque\u00f1o tama\u00f1o identificado por un nombre, que puede ser instalado por el sitio web al que usted se conecta. Su navegador web lo conserva durante un periodo determinado (ver secci\u00f3n V. Duraci\u00f3n de conservaci\u00f3n de las cookies) y lo devuelve al servidor web cada vez que usted vuelve a conectarse. Las cookies sirven para el funcionamiento del sitio, facilitan su navegaci\u00f3n y permiten ofrecerle ofertas y servicios relevantes. Durante su visita a nuestro Sitio, algunas cookies esenciales para su funcionamiento se instalan autom\u00e1ticamente en su dispositivo. Otras cookies est\u00e1n sujetas a su consentimiento expreso (ver secci\u00f3n IV. Consentimiento para la instalaci\u00f3n de cookies).    <\/p><\/div><div class=\"paragraphe\"><h2 class=\"bold\">II. Informaci\u00f3n recopilada por las cookies <\/h2><p class=\"lead\">Las cookies del Sitio pueden recopilar datos relacionados con un terminal o con un comportamiento en un momento dado, en particular:<\/p><ul class=\"lead\"><li>La direcci\u00f3n IP del terminal conectado.<\/li><li>La fecha, la hora y la duraci\u00f3n de la visita en una p\u00e1gina o en la totalidad del sitio.<\/li><li>El n\u00famero de p\u00e1ginas visitadas.<\/li><li>La ruta de navegaci\u00f3n.<\/li><li>El tipo de sistema operativo.<\/li><li>Le type de syst\u00e8me d\u2019exploitation.<\/li><li>El tipo y la versi\u00f3n del software de navegaci\u00f3n utilizados.<\/li><li>La marca y el modelo del terminal m\u00f3vil o tableta.<\/li><\/ul><\/div><div class=\"paragraphe\"><h2 class=\"bold\">III. Tipos y finalidades de las cookies <\/h2><p class=\"lead\">. Tipos de cookies<\/p><p>1. Cookies propias<\/p><p>Las cookies propias son generadas y almacenadas localmente por Weproc: ning\u00fan tercero tiene acceso a los datos. Se diferencian de las llamadas cookies \u00abde terceros\u00bb, que son generadas por nuestros proveedores o por las redes sociales. <\/p><p>2. Cookies de terceros<\/p><p>Una cookie de terceros es una cookie instalada en su dispositivo por el servidor de un dominio distinto al del Sitio. Las cookies de terceros son generalmente aquellas utilizadas por los servicios de anal\u00edtica web, diversas herramientas de marketing, redes sociales o diferentes plataformas publicitarias (retargeting). <\/p><p>2. Finalidades de las cookies<\/p><p>Cookies necesarias para el funcionamiento del sitio web de WEPROC<\/p><p>Estas cookies son esenciales para garantizar el funcionamiento y la optimizaci\u00f3n del Sitio. Le permiten utilizar las principales funcionalidades del Sitio y asegurar su conexi\u00f3n. <\/p><p>El Sitio utiliza:<\/p><p>gtm_auth \/ gtm_preview: para permitirle aceptar\/rechazar las cookies.<\/p><p>Tawk To: para comunicarse con nosotros a trav\u00e9s del chat.<\/p><p>Dado que estas cookies son indispensables para el funcionamiento, la navegaci\u00f3n por el Sitio o la prestaci\u00f3n de un servicio solicitado por usted, no pueden ser rechazadas a trav\u00e9s del banner de cookies del sitio web de Weproc.<\/p><p>De este modo, nuestro socio Tawk To instala cookies para permitirnos utilizar la herramienta de chat en l\u00ednea: estas cookies son esenciales para el funcionamiento de dichos servicios y solo se instalan si usted desea beneficiarse de ellos.<\/p><p>Tambi\u00e9n puede oponerse a ellas y eliminarlas utilizando la configuraci\u00f3n de su navegador (ver secci\u00f3n VI. Gesti\u00f3n de las cookies); sin embargo, es posible que su experiencia de usuario se vea degradada.<\/p><p>Cookies de seguimiento de visitas procedentes de la plataforma y de medici\u00f3n de la eficacia de las campa\u00f1as publicitarias<\/p><p>Estas cookies permiten medir el rendimiento de nuestras acciones de marketing, con el fin de ofrecerle un contenido cada vez m\u00e1s relevante y adaptado a sus expectativas.<\/p><p>El sitio utiliza:<\/p><p>Google Ads<\/p><p>Plezi<\/p><p>Puede rechazarlas en cualquier momento a trav\u00e9s de nuestro banner de cookies (ver secci\u00f3n VI. Gesti\u00f3n de las cookies). Si las acepta, la informaci\u00f3n registrada gracias a las cookies se conservar\u00e1 durante un m\u00e1ximo de 13 meses. <\/p><p>Cookies de medici\u00f3n de audiencia e interacciones en nuestro sitio<\/p><p>Estas cookies permiten realizar un seguimiento de la audiencia del Sitio con el fin de generar datos estad\u00edsticos sobre el uso que se hace de \u00e9l. Nos permiten mejorar el rendimiento del Sitio y ofrecerle un contenido adaptado. <\/p><p>El sitio utiliza:<\/p><p>Google Analytics<\/p><p>Hotjar<\/p><p>Vous pouvez les refuser \u00e0 tout moment via notre bandeau cookies (VI. Gestion des cookies). Si vous les acceptez, les informations enregistr\u00e9es gr\u00e2ce aux cookies seront conserv\u00e9es pendant 13 mois au maximum. <\/p><\/div><div class=\"paragraphe\"><h2 class=\"bold\">IV. Consentimiento para la instalaci\u00f3n de cookies <\/h2><p class=\"lead\">La primera vez que visite el Sitio, ver\u00e1 aparecer un banner dedicado a las cookies que le ofrece: Aceptar o rechazar todas las cookies. La cookie t\u00e9cnica que almacena su elecci\u00f3n se instala en su terminal por un periodo de 6 meses: una vez transcurrido este plazo, le pediremos de nuevo que acepte, configure o rechace las cookies.<\/p><\/div><div class=\"paragraphe\"><h2 class=\"bold\">V. Duraci\u00f3n de conservaci\u00f3n de las cookies<\/h2><p class=\"lead\">Las cookies de sesi\u00f3n desaparecen en cuanto usted abandona el Sitio, mientras que las llamadas cookies permanentes permanecen en su terminal hasta que expira su vida \u00fatil (m\u00e1ximo 13 meses) o hasta que usted las elimine mediante las funcionalidades de su navegador (ver secci\u00f3n VI. Gesti\u00f3n de las cookies).<\/p><\/div><div class=\"paragraphe\"><h2 class=\"bold\">VI. Gesti\u00f3n de las cookies <\/h2><p class=\"lead\">1. Configuraci\u00f3n de su navegador web<\/p><p>Puede configurar su navegador web en cualquier momento y de forma gratuita si desea que las cookies se almacenen en su terminal o que sean rechazadas, ya sea sistem\u00e1ticamente o en funci\u00f3n de su emisor.<\/p><p>Sin embargo, la prohibici\u00f3n total de las cookies puede causar problemas de navegaci\u00f3n en los sitios web.<\/p><p>Para la gesti\u00f3n de las cookies, la configuraci\u00f3n de cada navegador es diferente. Esta se describe en el men\u00fa de ayuda de su navegador, el cual le permitir\u00e1 saber c\u00f3mo modificar sus preferencias en materia de cookies. <\/p><p>A modo de ejemplo, aqu\u00ed tiene los enlaces a los procedimientos para configurar sus opciones a trav\u00e9s de las funciones de su navegador:<\/p><p>Chrome<\/p><p>Firefox<\/p><p>Microsoft Edge<\/p><p>Op\u00e9ra<\/p><p>Para m\u00e1s informaci\u00f3n sobre la configuraci\u00f3n de las cookies, puede visitar el sitio web de la CNIL:https:\/\/www.cnil.fr\/fr\/cookies-les-outils-pour-les-maitriser.<\/p><\/div><div class=\"paragraphe\"><h2 class=\"bold\">VII. Garant\u00edas de nuestros socios <\/h2><p class=\"lead\">El sitio se apoya en ciertos servicios ofrecidos por sitios de terceros. Estas funcionalidades utilizan cookies de terceros instaladas directamente por dichos servicios. Durante su primera visita al Sitio, el banner de cookies le informa de la presencia de estas cookies y le invita a indicar su elecci\u00f3n. Solo se instalar\u00e1n si usted las acepta.   <\/p><p>A t\u00edtulo informativo, a continuaci\u00f3n encontrar\u00e1 los enlaces a las pol\u00edticas de privacidad de nuestros socios:<\/p><p>Google Analytics<\/p><p>Google Ads<\/p><p>Hotjar<\/p><\/div><div class=\"paragraphe\"><h2 class=\"bold\">VIII. Informaci\u00f3n complementaria <\/h2><p class=\"lead\">Puede consultar en cualquier momento nuestra Pol\u00edtica de Privacidad si desea obtener m\u00e1s informaci\u00f3n sobre la forma en que gestionamos sus Datos Personales. Para cualquier otra informaci\u00f3n, puede ponerse en contacto con nosotros por correo electr\u00f3nico en la direcci\u00f3n: contact@www.weproc.com. <\/p><\/div><div class=\"uicore elementor-container uicore-content-wrapper uicore-no-editor\"><div class=\"uicore-content\"><div class=\"paragraphe\"><div class=\"paragraphe\"> <\/div><\/div><\/div><\/div><\/div><\/article><\/div><\/div>\t\t\t\t\t\t\t\t<\/div>\n\t\t\t\t<\/div>\n\t\t\t\t\t<\/div>\n\t\t\t\t<\/div>\n\t\t\t\t<\/div>\n\t\t","protected":false},"excerpt":{"rendered":"<p>La presente Pol\u00edtica de Cookies tiene como objetivo informar a los usuarios del sitio web de WEPROC (https:\/\/www.pro.www.weproc.com) sobre la naturaleza y el uso de las cookies, as\u00ed como sobre las herramientas que permiten configurarlas. Para comprobar las actualizaciones de esta Pol\u00edtica, le invitamos a consultar regularmente esta p\u00e1gina. Al consultar el sitio web de [&hellip;]<\/p>\n","protected":false},"author":7,"featured_media":16150,"parent":0,"menu_order":0,"comment_status":"closed","ping_status":"closed","template":"","meta":{"inline_featured_image":false,"footnotes":""},"class_list":["post-16149","page","type-page","status-publish","has-post-thumbnail","hentry"],"yoast_head":"<!-- This site is optimized with the Yoast SEO plugin v26.3 - https:\/\/yoast.com\/wordpress\/plugins\/seo\/ -->\n<title>Pol\u00edtica de Cookies de Weproc<\/title>\n<meta name=\"description\" content=\"Consulte la pol\u00edtica de cookies de WEPROC: obtenga m\u00e1s informaci\u00f3n sobre la naturaleza y el uso de los rastreadores en nuestro sitio y configure sus opciones de consentimiento.\" \/>\n<meta name=\"robots\" content=\"noindex, follow\" \/>\n<meta property=\"og:locale\" content=\"es_ES\" \/>\n<meta property=\"og:type\" content=\"article\" \/>\n<meta property=\"og:title\" content=\"Pol\u00edtica de Cookies de Weproc\" \/>\n<meta property=\"og:description\" content=\"Consulte la pol\u00edtica de cookies de WEPROC: obtenga m\u00e1s informaci\u00f3n sobre la naturaleza y el uso de los rastreadores en nuestro sitio y configure sus opciones de consentimiento.\" \/>\n<meta property=\"og:url\" content=\"https:\/\/www.weproc.com\/es\/cookies\/\" \/>\n<meta property=\"og:site_name\" content=\"Weproc, Logiciel de Gestion des Achats\" \/>\n<meta property=\"article:publisher\" content=\"https:\/\/www.linkedin.com\/company\/weproc\" \/>\n<meta property=\"article:modified_time\" content=\"2026-02-27T09:49:15+00:00\" \/>\n<meta property=\"og:image\" content=\"https:\/\/www.weproc.com\/wp-content\/uploads\/2024\/07\/weproc-fr.png\" \/>\n\t<meta property=\"og:image:width\" content=\"1200\" \/>\n\t<meta property=\"og:image:height\" content=\"630\" \/>\n\t<meta property=\"og:image:type\" content=\"image\/png\" \/>\n<meta name=\"twitter:card\" content=\"summary_large_image\" \/>\n<meta name=\"twitter:label1\" content=\"Tiempo de lectura\" \/>\n\t<meta name=\"twitter:data1\" content=\"6 minutos\" \/>\n<script type=\"application\/ld+json\" class=\"yoast-schema-graph\">{\"@context\":\"https:\/\/schema.org\",\"@graph\":[{\"@type\":\"WebPage\",\"@id\":\"https:\/\/www.weproc.com\/es\/cookies\/\",\"url\":\"https:\/\/www.weproc.com\/es\/cookies\/\",\"name\":\"Pol\u00edtica de Cookies de Weproc\",\"isPartOf\":{\"@id\":\"https:\/\/www.weproc.com\/es\/#website\"},\"primaryImageOfPage\":{\"@id\":\"https:\/\/www.weproc.com\/es\/cookies\/#primaryimage\"},\"image\":{\"@id\":\"https:\/\/www.weproc.com\/es\/cookies\/#primaryimage\"},\"thumbnailUrl\":\"https:\/\/www.weproc.com\/wp-content\/uploads\/2024\/07\/weproc-fr.png\",\"datePublished\":\"2024-03-19T14:30:34+00:00\",\"dateModified\":\"2026-02-27T09:49:15+00:00\",\"description\":\"Consulte la pol\u00edtica de cookies de WEPROC: obtenga m\u00e1s informaci\u00f3n sobre la naturaleza y el uso de los rastreadores en nuestro sitio y configure sus opciones de consentimiento.\",\"breadcrumb\":{\"@id\":\"https:\/\/www.weproc.com\/es\/cookies\/#breadcrumb\"},\"inLanguage\":\"es\",\"potentialAction\":[{\"@type\":\"ReadAction\",\"target\":[\"https:\/\/www.weproc.com\/es\/cookies\/\"]}]},{\"@type\":\"ImageObject\",\"inLanguage\":\"es\",\"@id\":\"https:\/\/www.weproc.com\/es\/cookies\/#primaryimage\",\"url\":\"https:\/\/www.weproc.com\/wp-content\/uploads\/2024\/07\/weproc-fr.png\",\"contentUrl\":\"https:\/\/www.weproc.com\/wp-content\/uploads\/2024\/07\/weproc-fr.png\",\"width\":1200,\"height\":630,\"caption\":\"weproc\"},{\"@type\":\"BreadcrumbList\",\"@id\":\"https:\/\/www.weproc.com\/es\/cookies\/#breadcrumb\",\"itemListElement\":[{\"@type\":\"ListItem\",\"position\":1,\"name\":\"Accueil\",\"item\":\"https:\/\/www.weproc.com\/es\/\"},{\"@type\":\"ListItem\",\"position\":2,\"name\":\"Galletas\"}]},{\"@type\":\"WebSite\",\"@id\":\"https:\/\/www.weproc.com\/es\/#website\",\"url\":\"https:\/\/www.weproc.com\/es\/\",\"name\":\"Weproc\",\"description\":\"eProcurement\",\"publisher\":{\"@id\":\"https:\/\/www.weproc.com\/es\/#organization\"},\"potentialAction\":[{\"@type\":\"SearchAction\",\"target\":{\"@type\":\"EntryPoint\",\"urlTemplate\":\"https:\/\/www.weproc.com\/es\/?s={search_term_string}\"},\"query-input\":{\"@type\":\"PropertyValueSpecification\",\"valueRequired\":true,\"valueName\":\"search_term_string\"}}],\"inLanguage\":\"es\"},{\"@type\":\"Organization\",\"@id\":\"https:\/\/www.weproc.com\/es\/#organization\",\"name\":\"Weproc\",\"url\":\"https:\/\/www.weproc.com\/es\/\",\"logo\":{\"@type\":\"ImageObject\",\"inLanguage\":\"es\",\"@id\":\"https:\/\/www.weproc.com\/es\/#\/schema\/logo\/image\/\",\"url\":\"https:\/\/www.weproc.com\/wp-content\/uploads\/2025\/12\/cropped-logo-weproc.png\",\"contentUrl\":\"https:\/\/www.weproc.com\/wp-content\/uploads\/2025\/12\/cropped-logo-weproc.png\",\"width\":512,\"height\":512,\"caption\":\"Weproc\"},\"image\":{\"@id\":\"https:\/\/www.weproc.com\/es\/#\/schema\/logo\/image\/\"},\"sameAs\":[\"https:\/\/www.linkedin.com\/company\/weproc\",\"https:\/\/www.youtube.com\/@weproc\"]}]}<\/script>\n<!-- \/ Yoast SEO plugin. -->","yoast_head_json":{"title":"Pol\u00edtica de Cookies de Weproc","description":"Consulte la pol\u00edtica de cookies de WEPROC: obtenga m\u00e1s informaci\u00f3n sobre la naturaleza y el uso de los rastreadores en nuestro sitio y configure sus opciones de consentimiento.","robots":{"index":"noindex","follow":"follow"},"og_locale":"es_ES","og_type":"article","og_title":"Pol\u00edtica de Cookies de Weproc","og_description":"Consulte la pol\u00edtica de cookies de WEPROC: obtenga m\u00e1s informaci\u00f3n sobre la naturaleza y el uso de los rastreadores en nuestro sitio y configure sus opciones de consentimiento.","og_url":"https:\/\/www.weproc.com\/es\/cookies\/","og_site_name":"Weproc, Logiciel de Gestion des Achats","article_publisher":"https:\/\/www.linkedin.com\/company\/weproc","article_modified_time":"2026-02-27T09:49:15+00:00","og_image":[{"width":1200,"height":630,"url":"https:\/\/www.weproc.com\/wp-content\/uploads\/2024\/07\/weproc-fr.png","type":"image\/png"}],"twitter_card":"summary_large_image","twitter_misc":{"Tiempo de lectura":"6 minutos"},"schema":{"@context":"https:\/\/schema.org","@graph":[{"@type":"WebPage","@id":"https:\/\/www.weproc.com\/es\/cookies\/","url":"https:\/\/www.weproc.com\/es\/cookies\/","name":"Pol\u00edtica de Cookies de Weproc","isPartOf":{"@id":"https:\/\/www.weproc.com\/es\/#website"},"primaryImageOfPage":{"@id":"https:\/\/www.weproc.com\/es\/cookies\/#primaryimage"},"image":{"@id":"https:\/\/www.weproc.com\/es\/cookies\/#primaryimage"},"thumbnailUrl":"https:\/\/www.weproc.com\/wp-content\/uploads\/2024\/07\/weproc-fr.png","datePublished":"2024-03-19T14:30:34+00:00","dateModified":"2026-02-27T09:49:15+00:00","description":"Consulte la pol\u00edtica de cookies de WEPROC: obtenga m\u00e1s informaci\u00f3n sobre la naturaleza y el uso de los rastreadores en nuestro sitio y configure sus opciones de consentimiento.","breadcrumb":{"@id":"https:\/\/www.weproc.com\/es\/cookies\/#breadcrumb"},"inLanguage":"es","potentialAction":[{"@type":"ReadAction","target":["https:\/\/www.weproc.com\/es\/cookies\/"]}]},{"@type":"ImageObject","inLanguage":"es","@id":"https:\/\/www.weproc.com\/es\/cookies\/#primaryimage","url":"https:\/\/www.weproc.com\/wp-content\/uploads\/2024\/07\/weproc-fr.png","contentUrl":"https:\/\/www.weproc.com\/wp-content\/uploads\/2024\/07\/weproc-fr.png","width":1200,"height":630,"caption":"weproc"},{"@type":"BreadcrumbList","@id":"https:\/\/www.weproc.com\/es\/cookies\/#breadcrumb","itemListElement":[{"@type":"ListItem","position":1,"name":"Accueil","item":"https:\/\/www.weproc.com\/es\/"},{"@type":"ListItem","position":2,"name":"Galletas"}]},{"@type":"WebSite","@id":"https:\/\/www.weproc.com\/es\/#website","url":"https:\/\/www.weproc.com\/es\/","name":"Weproc","description":"eProcurement","publisher":{"@id":"https:\/\/www.weproc.com\/es\/#organization"},"potentialAction":[{"@type":"SearchAction","target":{"@type":"EntryPoint","urlTemplate":"https:\/\/www.weproc.com\/es\/?s={search_term_string}"},"query-input":{"@type":"PropertyValueSpecification","valueRequired":true,"valueName":"search_term_string"}}],"inLanguage":"es"},{"@type":"Organization","@id":"https:\/\/www.weproc.com\/es\/#organization","name":"Weproc","url":"https:\/\/www.weproc.com\/es\/","logo":{"@type":"ImageObject","inLanguage":"es","@id":"https:\/\/www.weproc.com\/es\/#\/schema\/logo\/image\/","url":"https:\/\/www.weproc.com\/wp-content\/uploads\/2025\/12\/cropped-logo-weproc.png","contentUrl":"https:\/\/www.weproc.com\/wp-content\/uploads\/2025\/12\/cropped-logo-weproc.png","width":512,"height":512,"caption":"Weproc"},"image":{"@id":"https:\/\/www.weproc.com\/es\/#\/schema\/logo\/image\/"},"sameAs":["https:\/\/www.linkedin.com\/company\/weproc","https:\/\/www.youtube.com\/@weproc"]}]}},"_links":{"self":[{"href":"https:\/\/www.weproc.com\/es\/wp-json\/wp\/v2\/pages\/16149","targetHints":{"allow":["GET"]}}],"collection":[{"href":"https:\/\/www.weproc.com\/es\/wp-json\/wp\/v2\/pages"}],"about":[{"href":"https:\/\/www.weproc.com\/es\/wp-json\/wp\/v2\/types\/page"}],"author":[{"embeddable":true,"href":"https:\/\/www.weproc.com\/es\/wp-json\/wp\/v2\/users\/7"}],"replies":[{"embeddable":true,"href":"https:\/\/www.weproc.com\/es\/wp-json\/wp\/v2\/comments?post=16149"}],"version-history":[{"count":2,"href":"https:\/\/www.weproc.com\/es\/wp-json\/wp\/v2\/pages\/16149\/revisions"}],"predecessor-version":[{"id":35268,"href":"https:\/\/www.weproc.com\/es\/wp-json\/wp\/v2\/pages\/16149\/revisions\/35268"}],"wp:featuredmedia":[{"embeddable":true,"href":"https:\/\/www.weproc.com\/es\/wp-json\/wp\/v2\/media\/16150"}],"wp:attachment":[{"href":"https:\/\/www.weproc.com\/es\/wp-json\/wp\/v2\/media?parent=16149"}],"curies":[{"name":"wp","href":"https:\/\/api.w.org\/{rel}","templated":true}]}}