{"id":40425,"date":"2026-03-04T16:37:27","date_gmt":"2026-03-04T15:37:27","guid":{"rendered":"https:\/\/www.weproc.com\/preis\/taschenrechner\/"},"modified":"2026-03-04T16:40:13","modified_gmt":"2026-03-04T15:40:13","slug":"taschenrechner","status":"publish","type":"page","link":"https:\/\/www.weproc.com\/de\/preis\/taschenrechner\/","title":{"rendered":"Taschenrechner"},"content":{"rendered":"\t\t<div data-elementor-type=\"wp-page\" data-elementor-id=\"40425\" class=\"elementor elementor-40425 elementor-40381\" data-elementor-settings=\"{&quot;element_pack_global_tooltip_width&quot;:{&quot;unit&quot;:&quot;px&quot;,&quot;size&quot;:&quot;&quot;,&quot;sizes&quot;:[]},&quot;element_pack_global_tooltip_width_widescreen&quot;:{&quot;unit&quot;:&quot;px&quot;,&quot;size&quot;:&quot;&quot;,&quot;sizes&quot;:[]},&quot;element_pack_global_tooltip_width_tablet_extra&quot;:{&quot;unit&quot;:&quot;px&quot;,&quot;size&quot;:&quot;&quot;,&quot;sizes&quot;:[]},&quot;element_pack_global_tooltip_width_tablet&quot;:{&quot;unit&quot;:&quot;px&quot;,&quot;size&quot;:&quot;&quot;,&quot;sizes&quot;:[]},&quot;element_pack_global_tooltip_width_mobile&quot;:{&quot;unit&quot;:&quot;px&quot;,&quot;size&quot;:&quot;&quot;,&quot;sizes&quot;:[]},&quot;element_pack_global_tooltip_padding&quot;:{&quot;unit&quot;:&quot;px&quot;,&quot;top&quot;:&quot;&quot;,&quot;right&quot;:&quot;&quot;,&quot;bottom&quot;:&quot;&quot;,&quot;left&quot;:&quot;&quot;,&quot;isLinked&quot;:true},&quot;element_pack_global_tooltip_padding_widescreen&quot;:{&quot;unit&quot;:&quot;px&quot;,&quot;top&quot;:&quot;&quot;,&quot;right&quot;:&quot;&quot;,&quot;bottom&quot;:&quot;&quot;,&quot;left&quot;:&quot;&quot;,&quot;isLinked&quot;:true},&quot;element_pack_global_tooltip_padding_tablet_extra&quot;:{&quot;unit&quot;:&quot;px&quot;,&quot;top&quot;:&quot;&quot;,&quot;right&quot;:&quot;&quot;,&quot;bottom&quot;:&quot;&quot;,&quot;left&quot;:&quot;&quot;,&quot;isLinked&quot;:true},&quot;element_pack_global_tooltip_padding_tablet&quot;:{&quot;unit&quot;:&quot;px&quot;,&quot;top&quot;:&quot;&quot;,&quot;right&quot;:&quot;&quot;,&quot;bottom&quot;:&quot;&quot;,&quot;left&quot;:&quot;&quot;,&quot;isLinked&quot;:true},&quot;element_pack_global_tooltip_padding_mobile&quot;:{&quot;unit&quot;:&quot;px&quot;,&quot;top&quot;:&quot;&quot;,&quot;right&quot;:&quot;&quot;,&quot;bottom&quot;:&quot;&quot;,&quot;left&quot;:&quot;&quot;,&quot;isLinked&quot;:true},&quot;element_pack_global_tooltip_border_radius&quot;:{&quot;unit&quot;:&quot;px&quot;,&quot;top&quot;:&quot;&quot;,&quot;right&quot;:&quot;&quot;,&quot;bottom&quot;:&quot;&quot;,&quot;left&quot;:&quot;&quot;,&quot;isLinked&quot;:true},&quot;element_pack_global_tooltip_border_radius_widescreen&quot;:{&quot;unit&quot;:&quot;px&quot;,&quot;top&quot;:&quot;&quot;,&quot;right&quot;:&quot;&quot;,&quot;bottom&quot;:&quot;&quot;,&quot;left&quot;:&quot;&quot;,&quot;isLinked&quot;:true},&quot;element_pack_global_tooltip_border_radius_tablet_extra&quot;:{&quot;unit&quot;:&quot;px&quot;,&quot;top&quot;:&quot;&quot;,&quot;right&quot;:&quot;&quot;,&quot;bottom&quot;:&quot;&quot;,&quot;left&quot;:&quot;&quot;,&quot;isLinked&quot;:true},&quot;element_pack_global_tooltip_border_radius_tablet&quot;:{&quot;unit&quot;:&quot;px&quot;,&quot;top&quot;:&quot;&quot;,&quot;right&quot;:&quot;&quot;,&quot;bottom&quot;:&quot;&quot;,&quot;left&quot;:&quot;&quot;,&quot;isLinked&quot;:true},&quot;element_pack_global_tooltip_border_radius_mobile&quot;:{&quot;unit&quot;:&quot;px&quot;,&quot;top&quot;:&quot;&quot;,&quot;right&quot;:&quot;&quot;,&quot;bottom&quot;:&quot;&quot;,&quot;left&quot;:&quot;&quot;,&quot;isLinked&quot;:true}}\" data-elementor-post-type=\"page\">\n\t\t\t\t<div class=\"elementor-element elementor-element-14ec12e e-flex e-con-boxed e-con e-parent\" data-id=\"14ec12e\" data-element_type=\"container\">\n\t\t\t\t\t<div class=\"e-con-inner\">\n\t\t\t\t<div class=\"elementor-element elementor-element-0fc152e bdt-hide-entries-on-mobile-yes elementor-widget elementor-widget-bdt-table\" data-id=\"0fc152e\" data-element_type=\"widget\" data-widget_type=\"bdt-table.default\">\n\t\t\t\t<div class=\"elementor-widget-container\">\n\t\t\t\t\t\t\t<div class=\"bdt-table bdt-table-default-responsive \" id=\"bdt-table-0fc152e\">\n\n\n\t\t\t<script type=\"application\/ld+json\">{\n  \"@context\": \"https:\/\/schema.org\",\n  \"@type\": \"WebApplication\",\n  \"name\": \"Calculateur de prix Weproc\",\n  \"description\": \"Simulateur en ligne pour estimer le tarif du logiciel de gestion des achats Weproc selon le nombre d'utilisateurs et les modules s\u00e9lectionn\u00e9s.\",\n  \"url\": \"https:\/\/www.weproc.com\/fr\/tarif\/calculateur\/\",\n  \"applicationCategory\": \"BusinessApplication\",\n  \"operatingSystem\": \"Web\",\n  \"offers\": {\n    \"@type\": \"AggregateOffer\",\n    \"priceCurrency\": \"EUR\",\n    \"lowPrice\": \"50\",\n    \"highPrice\": \"75\",\n    \"unitText\": \"HT\/utilisateur\/mois\"\n  },\n  \"provider\": {\n    \"@type\": \"Organization\",\n    \"name\": \"Weproc\",\n    \"url\": \"https:\/\/www.weproc.com\"\n  }\n}\n<\/script>\n\t\t<\/div>\n\t\t\t\t\t\t<\/div>\n\t\t\t\t<\/div>\n\t\t\t\t<div class=\"elementor-element elementor-element-ac1546f ui-e-a-animate elementor-widget elementor-widget-highlighted-text\" data-id=\"ac1546f\" data-element_type=\"widget\" data-widget_type=\"highlighted-text.default\">\n\t\t\t\t<div class=\"elementor-widget-container\">\n\t\t\t\t\t        <h1 class=\"ui-e--highlighted-text\">\n            <span class=\"ui-e-headline-text elementor-repeater-item-5589f9b\">Berechnen Sie den Preis Ihrer L\u00f6sung  <\/span><span class=\"ui-e-headline-text elementor-repeater-item-0c0d2b0\">Weproc<\/span>        <\/h1>\n    \t\t\t\t<\/div>\n\t\t\t\t<\/div>\n\t\t\t\t<div class=\"elementor-element elementor-element-7bf1fd4 elementor-widget__width-initial elementor-widget elementor-widget-text-editor\" data-id=\"7bf1fd4\" data-element_type=\"widget\" data-widget_type=\"text-editor.default\">\n\t\t\t\t<div class=\"elementor-widget-container\">\n\t\t\t\t\t\t\t\t\t<p class=\"font-claude-response-body break-words whitespace-normal leading-[1.7]\">Nutzen Sie unseren Simulator, um die Kosten Ihrer Beschaffungsmanagement-Software zu sch\u00e4tzen. W\u00e4hlen Sie Ihre Anzahl von Nutzern, die gew\u00fcnschten Module und erhalten Sie in Echtzeit einen pers\u00f6nlichen Preis. Von 1 bis 500+ Nutzern passt sich Weproc an die Gr\u00f6\u00dfe Ihres Unternehmens an.  <\/p><p class=\"font-claude-response-body break-words whitespace-normal leading-[1.7]\"> <\/p>\t\t\t\t\t\t\t\t<\/div>\n\t\t\t\t<\/div>\n\t\t\t\t\t<\/div>\n\t\t\t\t<\/div>\n\t\t<div class=\"elementor-element elementor-element-8faaf4b e-flex e-con-boxed e-con e-parent\" data-id=\"8faaf4b\" data-element_type=\"container\">\n\t\t\t\t\t<div class=\"e-con-inner\">\n\t\t\t\t<div class=\"elementor-element elementor-element-7d6654f elementor-widget elementor-widget-html\" data-id=\"7d6654f\" data-element_type=\"widget\" data-widget_type=\"html.default\">\n\t\t\t\t<div class=\"elementor-widget-container\">\n\t\t\t\t\t<iframe src=\"https:\/\/weproc-price-builder.lovable.app\/\" width=\"100%\" height=\"1500\" style=\"border:none; border-radius:12px;\" title=\"Weproc Preisrechner\" loading=\"lazy\">\n<\/iframe>\t\t\t\t<\/div>\n\t\t\t\t<\/div>\n\t\t\t\t\t<\/div>\n\t\t\t\t<\/div>\n\t\t\t\t<\/div>\n\t\t","protected":false},"excerpt":{"rendered":"<p>Berechnen Sie den Preis Ihrer L\u00f6sung Weproc Nutzen Sie unseren Simulator, um die Kosten Ihrer Beschaffungsmanagement-Software zu sch\u00e4tzen. W\u00e4hlen Sie Ihre Anzahl von Nutzern, die gew\u00fcnschten Module und erhalten Sie in Echtzeit einen pers\u00f6nlichen Preis. Von 1 bis 500+ Nutzern passt sich Weproc an die Gr\u00f6\u00dfe Ihres Unternehmens an.<\/p>\n","protected":false},"author":9,"featured_media":0,"parent":40395,"menu_order":0,"comment_status":"closed","ping_status":"closed","template":"","meta":{"inline_featured_image":false,"footnotes":""},"class_list":["post-40425","page","type-page","status-publish","hentry"],"yoast_head":"<!-- This site is optimized with the Yoast SEO plugin v26.3 - https:\/\/yoast.com\/wordpress\/plugins\/seo\/ -->\n<title>Weproc Preisrechner | Sch\u00e4tzen Sie Ihren Tarif online<\/title>\n<meta name=\"description\" content=\"Sch\u00e4tzen Sie die Kosten Ihrer Weproc-Beschaffungsmanagement-Software mit nur wenigen Klicks ab. Simuliere deinen Preis entsprechend der Anzahl der Nutzer und der gew\u00e4hlten Module.\" \/>\n<meta name=\"robots\" content=\"index, follow, max-snippet:-1, max-image-preview:large, max-video-preview:-1\" \/>\n<link rel=\"canonical\" href=\"https:\/\/www.weproc.com\/de\/preis\/taschenrechner\/\" \/>\n<meta property=\"og:locale\" content=\"de_DE\" \/>\n<meta property=\"og:type\" content=\"article\" \/>\n<meta property=\"og:title\" content=\"Weproc Preisrechner | Sch\u00e4tzen Sie Ihren Tarif online\" \/>\n<meta property=\"og:description\" content=\"Sch\u00e4tzen Sie die Kosten Ihrer Weproc-Beschaffungsmanagement-Software mit nur wenigen Klicks ab. Simuliere deinen Preis entsprechend der Anzahl der Nutzer und der gew\u00e4hlten Module.\" \/>\n<meta property=\"og:url\" content=\"https:\/\/www.weproc.com\/de\/preis\/taschenrechner\/\" \/>\n<meta property=\"og:site_name\" content=\"Weproc, Logiciel de Gestion des Achats\" \/>\n<meta property=\"article:publisher\" content=\"https:\/\/www.linkedin.com\/company\/weproc\" \/>\n<meta property=\"article:modified_time\" content=\"2026-03-04T15:40:13+00:00\" \/>\n<meta name=\"twitter:card\" content=\"summary_large_image\" \/>\n<script type=\"application\/ld+json\" class=\"yoast-schema-graph\">{\"@context\":\"https:\/\/schema.org\",\"@graph\":[{\"@type\":\"WebPage\",\"@id\":\"https:\/\/www.weproc.com\/de\/preis\/taschenrechner\/\",\"url\":\"https:\/\/www.weproc.com\/de\/preis\/taschenrechner\/\",\"name\":\"Weproc Preisrechner | Sch\u00e4tzen Sie Ihren Tarif online\",\"isPartOf\":{\"@id\":\"https:\/\/www.weproc.com\/de\/#website\"},\"datePublished\":\"2026-03-04T15:37:27+00:00\",\"dateModified\":\"2026-03-04T15:40:13+00:00\",\"description\":\"Sch\u00e4tzen Sie die Kosten Ihrer Weproc-Beschaffungsmanagement-Software mit nur wenigen Klicks ab. Simuliere deinen Preis entsprechend der Anzahl der Nutzer und der gew\u00e4hlten Module.\",\"breadcrumb\":{\"@id\":\"https:\/\/www.weproc.com\/de\/preis\/taschenrechner\/#breadcrumb\"},\"inLanguage\":\"de\",\"potentialAction\":[{\"@type\":\"ReadAction\",\"target\":[\"https:\/\/www.weproc.com\/de\/preis\/taschenrechner\/\"]}]},{\"@type\":\"BreadcrumbList\",\"@id\":\"https:\/\/www.weproc.com\/de\/preis\/taschenrechner\/#breadcrumb\",\"itemListElement\":[{\"@type\":\"ListItem\",\"position\":1,\"name\":\"Accueil\",\"item\":\"https:\/\/www.weproc.com\/de\/\"},{\"@type\":\"ListItem\",\"position\":2,\"name\":\"Preis\",\"item\":\"https:\/\/www.weproc.com\/de\/preis\/\"},{\"@type\":\"ListItem\",\"position\":3,\"name\":\"Taschenrechner\"}]},{\"@type\":\"WebSite\",\"@id\":\"https:\/\/www.weproc.com\/de\/#website\",\"url\":\"https:\/\/www.weproc.com\/de\/\",\"name\":\"Weproc\",\"description\":\"eProcurement\",\"publisher\":{\"@id\":\"https:\/\/www.weproc.com\/de\/#organization\"},\"potentialAction\":[{\"@type\":\"SearchAction\",\"target\":{\"@type\":\"EntryPoint\",\"urlTemplate\":\"https:\/\/www.weproc.com\/de\/?s={search_term_string}\"},\"query-input\":{\"@type\":\"PropertyValueSpecification\",\"valueRequired\":true,\"valueName\":\"search_term_string\"}}],\"inLanguage\":\"de\"},{\"@type\":\"Organization\",\"@id\":\"https:\/\/www.weproc.com\/de\/#organization\",\"name\":\"Weproc\",\"url\":\"https:\/\/www.weproc.com\/de\/\",\"logo\":{\"@type\":\"ImageObject\",\"inLanguage\":\"de\",\"@id\":\"https:\/\/www.weproc.com\/de\/#\/schema\/logo\/image\/\",\"url\":\"https:\/\/www.weproc.com\/wp-content\/uploads\/2025\/12\/cropped-logo-weproc.png\",\"contentUrl\":\"https:\/\/www.weproc.com\/wp-content\/uploads\/2025\/12\/cropped-logo-weproc.png\",\"width\":512,\"height\":512,\"caption\":\"Weproc\"},\"image\":{\"@id\":\"https:\/\/www.weproc.com\/de\/#\/schema\/logo\/image\/\"},\"sameAs\":[\"https:\/\/www.linkedin.com\/company\/weproc\",\"https:\/\/www.youtube.com\/@weproc\"]}]}<\/script>\n<!-- \/ Yoast SEO plugin. -->","yoast_head_json":{"title":"Weproc Preisrechner | Sch\u00e4tzen Sie Ihren Tarif online","description":"Sch\u00e4tzen Sie die Kosten Ihrer Weproc-Beschaffungsmanagement-Software mit nur wenigen Klicks ab. Simuliere deinen Preis entsprechend der Anzahl der Nutzer und der gew\u00e4hlten Module.","robots":{"index":"index","follow":"follow","max-snippet":"max-snippet:-1","max-image-preview":"max-image-preview:large","max-video-preview":"max-video-preview:-1"},"canonical":"https:\/\/www.weproc.com\/de\/preis\/taschenrechner\/","og_locale":"de_DE","og_type":"article","og_title":"Weproc Preisrechner | Sch\u00e4tzen Sie Ihren Tarif online","og_description":"Sch\u00e4tzen Sie die Kosten Ihrer Weproc-Beschaffungsmanagement-Software mit nur wenigen Klicks ab. Simuliere deinen Preis entsprechend der Anzahl der Nutzer und der gew\u00e4hlten Module.","og_url":"https:\/\/www.weproc.com\/de\/preis\/taschenrechner\/","og_site_name":"Weproc, Logiciel de Gestion des Achats","article_publisher":"https:\/\/www.linkedin.com\/company\/weproc","article_modified_time":"2026-03-04T15:40:13+00:00","twitter_card":"summary_large_image","schema":{"@context":"https:\/\/schema.org","@graph":[{"@type":"WebPage","@id":"https:\/\/www.weproc.com\/de\/preis\/taschenrechner\/","url":"https:\/\/www.weproc.com\/de\/preis\/taschenrechner\/","name":"Weproc Preisrechner | Sch\u00e4tzen Sie Ihren Tarif online","isPartOf":{"@id":"https:\/\/www.weproc.com\/de\/#website"},"datePublished":"2026-03-04T15:37:27+00:00","dateModified":"2026-03-04T15:40:13+00:00","description":"Sch\u00e4tzen Sie die Kosten Ihrer Weproc-Beschaffungsmanagement-Software mit nur wenigen Klicks ab. Simuliere deinen Preis entsprechend der Anzahl der Nutzer und der gew\u00e4hlten Module.","breadcrumb":{"@id":"https:\/\/www.weproc.com\/de\/preis\/taschenrechner\/#breadcrumb"},"inLanguage":"de","potentialAction":[{"@type":"ReadAction","target":["https:\/\/www.weproc.com\/de\/preis\/taschenrechner\/"]}]},{"@type":"BreadcrumbList","@id":"https:\/\/www.weproc.com\/de\/preis\/taschenrechner\/#breadcrumb","itemListElement":[{"@type":"ListItem","position":1,"name":"Accueil","item":"https:\/\/www.weproc.com\/de\/"},{"@type":"ListItem","position":2,"name":"Preis","item":"https:\/\/www.weproc.com\/de\/preis\/"},{"@type":"ListItem","position":3,"name":"Taschenrechner"}]},{"@type":"WebSite","@id":"https:\/\/www.weproc.com\/de\/#website","url":"https:\/\/www.weproc.com\/de\/","name":"Weproc","description":"eProcurement","publisher":{"@id":"https:\/\/www.weproc.com\/de\/#organization"},"potentialAction":[{"@type":"SearchAction","target":{"@type":"EntryPoint","urlTemplate":"https:\/\/www.weproc.com\/de\/?s={search_term_string}"},"query-input":{"@type":"PropertyValueSpecification","valueRequired":true,"valueName":"search_term_string"}}],"inLanguage":"de"},{"@type":"Organization","@id":"https:\/\/www.weproc.com\/de\/#organization","name":"Weproc","url":"https:\/\/www.weproc.com\/de\/","logo":{"@type":"ImageObject","inLanguage":"de","@id":"https:\/\/www.weproc.com\/de\/#\/schema\/logo\/image\/","url":"https:\/\/www.weproc.com\/wp-content\/uploads\/2025\/12\/cropped-logo-weproc.png","contentUrl":"https:\/\/www.weproc.com\/wp-content\/uploads\/2025\/12\/cropped-logo-weproc.png","width":512,"height":512,"caption":"Weproc"},"image":{"@id":"https:\/\/www.weproc.com\/de\/#\/schema\/logo\/image\/"},"sameAs":["https:\/\/www.linkedin.com\/company\/weproc","https:\/\/www.youtube.com\/@weproc"]}]}},"_links":{"self":[{"href":"https:\/\/www.weproc.com\/de\/wp-json\/wp\/v2\/pages\/40425","targetHints":{"allow":["GET"]}}],"collection":[{"href":"https:\/\/www.weproc.com\/de\/wp-json\/wp\/v2\/pages"}],"about":[{"href":"https:\/\/www.weproc.com\/de\/wp-json\/wp\/v2\/types\/page"}],"author":[{"embeddable":true,"href":"https:\/\/www.weproc.com\/de\/wp-json\/wp\/v2\/users\/9"}],"replies":[{"embeddable":true,"href":"https:\/\/www.weproc.com\/de\/wp-json\/wp\/v2\/comments?post=40425"}],"version-history":[{"count":1,"href":"https:\/\/www.weproc.com\/de\/wp-json\/wp\/v2\/pages\/40425\/revisions"}],"predecessor-version":[{"id":40426,"href":"https:\/\/www.weproc.com\/de\/wp-json\/wp\/v2\/pages\/40425\/revisions\/40426"}],"up":[{"embeddable":true,"href":"https:\/\/www.weproc.com\/de\/wp-json\/wp\/v2\/pages\/40395"}],"wp:attachment":[{"href":"https:\/\/www.weproc.com\/de\/wp-json\/wp\/v2\/media?parent=40425"}],"curies":[{"name":"wp","href":"https:\/\/api.w.org\/{rel}","templated":true}]}}