{"id":34993,"date":"2024-03-19T15:25:32","date_gmt":"2024-03-19T14:25:32","guid":{"rendered":"https:\/\/www.weproc.com\/datenschutzerklaerung\/"},"modified":"2026-02-27T10:30:56","modified_gmt":"2026-02-27T09:30:56","slug":"datenschutzerklaerung","status":"publish","type":"page","link":"https:\/\/www.weproc.com\/de\/datenschutzerklaerung\/","title":{"rendered":"Datenschutzerkl\u00e4rung"},"content":{"rendered":"\t\t<div data-elementor-type=\"wp-page\" data-elementor-id=\"34993\" class=\"elementor elementor-34993 elementor-13064\" data-elementor-settings=\"{&quot;element_pack_global_tooltip_width&quot;:{&quot;unit&quot;:&quot;px&quot;,&quot;size&quot;:&quot;&quot;,&quot;sizes&quot;:[]},&quot;element_pack_global_tooltip_width_widescreen&quot;:{&quot;unit&quot;:&quot;px&quot;,&quot;size&quot;:&quot;&quot;,&quot;sizes&quot;:[]},&quot;element_pack_global_tooltip_width_tablet_extra&quot;:{&quot;unit&quot;:&quot;px&quot;,&quot;size&quot;:&quot;&quot;,&quot;sizes&quot;:[]},&quot;element_pack_global_tooltip_width_tablet&quot;:{&quot;unit&quot;:&quot;px&quot;,&quot;size&quot;:&quot;&quot;,&quot;sizes&quot;:[]},&quot;element_pack_global_tooltip_width_mobile&quot;:{&quot;unit&quot;:&quot;px&quot;,&quot;size&quot;:&quot;&quot;,&quot;sizes&quot;:[]},&quot;element_pack_global_tooltip_padding&quot;:{&quot;unit&quot;:&quot;px&quot;,&quot;top&quot;:&quot;&quot;,&quot;right&quot;:&quot;&quot;,&quot;bottom&quot;:&quot;&quot;,&quot;left&quot;:&quot;&quot;,&quot;isLinked&quot;:true},&quot;element_pack_global_tooltip_padding_widescreen&quot;:{&quot;unit&quot;:&quot;px&quot;,&quot;top&quot;:&quot;&quot;,&quot;right&quot;:&quot;&quot;,&quot;bottom&quot;:&quot;&quot;,&quot;left&quot;:&quot;&quot;,&quot;isLinked&quot;:true},&quot;element_pack_global_tooltip_padding_tablet_extra&quot;:{&quot;unit&quot;:&quot;px&quot;,&quot;top&quot;:&quot;&quot;,&quot;right&quot;:&quot;&quot;,&quot;bottom&quot;:&quot;&quot;,&quot;left&quot;:&quot;&quot;,&quot;isLinked&quot;:true},&quot;element_pack_global_tooltip_padding_tablet&quot;:{&quot;unit&quot;:&quot;px&quot;,&quot;top&quot;:&quot;&quot;,&quot;right&quot;:&quot;&quot;,&quot;bottom&quot;:&quot;&quot;,&quot;left&quot;:&quot;&quot;,&quot;isLinked&quot;:true},&quot;element_pack_global_tooltip_padding_mobile&quot;:{&quot;unit&quot;:&quot;px&quot;,&quot;top&quot;:&quot;&quot;,&quot;right&quot;:&quot;&quot;,&quot;bottom&quot;:&quot;&quot;,&quot;left&quot;:&quot;&quot;,&quot;isLinked&quot;:true},&quot;element_pack_global_tooltip_border_radius&quot;:{&quot;unit&quot;:&quot;px&quot;,&quot;top&quot;:&quot;&quot;,&quot;right&quot;:&quot;&quot;,&quot;bottom&quot;:&quot;&quot;,&quot;left&quot;:&quot;&quot;,&quot;isLinked&quot;:true},&quot;element_pack_global_tooltip_border_radius_widescreen&quot;:{&quot;unit&quot;:&quot;px&quot;,&quot;top&quot;:&quot;&quot;,&quot;right&quot;:&quot;&quot;,&quot;bottom&quot;:&quot;&quot;,&quot;left&quot;:&quot;&quot;,&quot;isLinked&quot;:true},&quot;element_pack_global_tooltip_border_radius_tablet_extra&quot;:{&quot;unit&quot;:&quot;px&quot;,&quot;top&quot;:&quot;&quot;,&quot;right&quot;:&quot;&quot;,&quot;bottom&quot;:&quot;&quot;,&quot;left&quot;:&quot;&quot;,&quot;isLinked&quot;:true},&quot;element_pack_global_tooltip_border_radius_tablet&quot;:{&quot;unit&quot;:&quot;px&quot;,&quot;top&quot;:&quot;&quot;,&quot;right&quot;:&quot;&quot;,&quot;bottom&quot;:&quot;&quot;,&quot;left&quot;:&quot;&quot;,&quot;isLinked&quot;:true},&quot;element_pack_global_tooltip_border_radius_mobile&quot;:{&quot;unit&quot;:&quot;px&quot;,&quot;top&quot;:&quot;&quot;,&quot;right&quot;:&quot;&quot;,&quot;bottom&quot;:&quot;&quot;,&quot;left&quot;:&quot;&quot;,&quot;isLinked&quot;:true}}\" data-elementor-post-type=\"page\">\n\t\t\t\t<div class=\"elementor-element elementor-element-11b7c0a e-flex e-con-boxed e-con e-parent\" data-id=\"11b7c0a\" data-element_type=\"container\">\n\t\t\t\t\t<div class=\"e-con-inner\">\n\t\t\t\t<div class=\"elementor-element elementor-element-39478c1 elementor-widget elementor-widget-heading\" data-id=\"39478c1\" data-element_type=\"widget\" data-widget_type=\"heading.default\">\n\t\t\t\t<div class=\"elementor-widget-container\">\n\t\t\t\t\t<h1 class=\"elementor-heading-title elementor-size-default\">Datenschutzerkl\u00e4rung<\/h1>\t\t\t\t<\/div>\n\t\t\t\t<\/div>\n\t\t\t\t\t<\/div>\n\t\t\t\t<\/div>\n\t\t<div class=\"elementor-element elementor-element-73bbae4 e-flex e-con-boxed e-con e-parent\" data-id=\"73bbae4\" data-element_type=\"container\">\n\t\t\t\t\t<div class=\"e-con-inner\">\n\t\t\t\t<div class=\"elementor-element elementor-element-71c542f elementor-widget elementor-widget-text-editor\" data-id=\"71c542f\" data-element_type=\"widget\" data-widget_type=\"text-editor.default\">\n\t\t\t\t<div class=\"elementor-widget-container\">\n\t\t\t\t\t\t\t\t\t<div id=\"content\" class=\"uicore-content\"><div id=\"primary\" class=\"content-area\"><article id=\"post-990\" class=\"post-990 page type-page status-publish hentry\"><div class=\"entry-content\"><p class=\"lead date\">Stand: 15. Januar 2022<\/p><p>Die Datenschutzerkl\u00e4rung von WEPROC hat zum Ziel, Ihnen alle Informationen \u00fcber die Bedingungen zur Verf\u00fcgung zu stellen, unter denen WEPROC Ihre personenbezogenen Daten erhebt und verarbeitet.<\/p><p>Durch den Zugriff auf und die Nutzung unserer Websites sowie der WEPROC-<a class=\"liencache\" href=\"https:\/\/www.weproc.com\/fr\/logiciel-achats\/\">Einkaufssoftware <\/a>verpflichten Sie sich, diese Datenschutzerkl\u00e4rung zur Kenntnis zu nehmen. Diese kann jederzeit ohne Vorank\u00fcndigung ge\u00e4ndert oder aktualisiert werden. Jede \u00c4nderung wird auf der Website ver\u00f6ffentlicht; wir empfehlen Ihnen, diese regelm\u00e4\u00dfig zu konsultieren. <\/p><div class=\"uicore elementor-container uicore-content-wrapper uicore-no-editor\"><div class=\"uicore-content\"><div class=\"paragraphe\"><div class=\"paragraphe\"> <\/div><div class=\"paragraphe\"><h2 class=\"bold\">I. Zwecke der Verarbeitung<\/h2><p class=\"lead\">Wir erheben und verarbeiten die Daten, die Sie uns freiwillig zur Verf\u00fcgung stellen, um auf Weproc zuzugreifen und es zu nutzen, Anfragen an unsere Teams zu stellen (Demonstrationen, Kontaktformular) oder auf unsere Online-Ressourcen zuzugreifen.<\/p><p>Wir erheben und verarbeiten zudem Daten bez\u00fcglich der Pr\u00e4ferenzen unserer Nutzer sowie Verkehrsdaten (wie IP-Adressen).<\/p><p>Insbesondere verarbeiten wir Ihre Daten f\u00fcr folgende Zwecke:<\/p><ul><li>den Besuch unserer Websites (https:\/\/www.weproc.com und https:\/\/blog.weproc.com);<\/li><li>die Erstellung von Umgebungen (kostenpflichtige Versionen und Testversionen) f\u00fcr den Zugriff auf Weproc und die Nutzung unserer Dienste;<\/li><li>den Versand von Kontaktformularen und Online-Demonstrationen;<\/li><li>den Download unserer Online-Ressourcen;<\/li><li>die Verwaltung und Nachverfolgung der Gesch\u00e4ftsbeziehung (Rechnungen, Zahlungen, Reklamationen und Nutzersupport);<\/li><li>die Bereitstellung der Websites und ihrer verschiedenen Funktionen;<\/li><li>die Verbesserung unserer Dienste;<\/li><li>das Sicherheitsmanagement der Website und der Software;<\/li><li>die Verwaltung von Anfragen zur Aus\u00fcbung der verschiedenen Nutzerrechte: Rechte auf Auskunft, Berichtigung, L\u00f6schung, \u00dcbertragbarkeit, Widerspruch und Einschr\u00e4nkung.<\/li><\/ul><\/div><div class=\"paragraphe\"><h2 class=\"bold\">II \u2013 Erhobene Daten<\/h2><p class=\"lead\">Um eine Lizenz zu er\u00f6ffnen und somit Weproc nutzen zu k\u00f6nnen, m\u00fcssen Sie uns mindestens die folgenden pers\u00f6nlichen Identifikationsinformationen zur Verf\u00fcgung stellen:<\/p><ul><li>Name und Vorname<\/li><li>E-Mail-Adresse<\/li><\/ul><p>Sie k\u00f6nnen Ihr Profil mit weiteren personenbezogenen Daten erg\u00e4nzen (Telefonnummer, Foto, Namen Ihrer Lieferanten etc.). Wir werden niemals sensible personenbezogene Daten im Sinne der Verordnung erheben oder verarbeiten (z. B. rassische oder ethnische Herkunft, politische Meinungen, religi\u00f6se oder philosophische \u00dcberzeugungen, Gewerkschaftszugeh\u00f6rigkeit, Gesundheit etc.). <\/p><p>1.2. Wir erfassen Informationen \u00fcber die vertragliche Beziehung mit Ihnen: Historie, gebuchte Module, Abrechnungs- und Zahlungselemente, Anfragen und Vorf\u00e4lle beim Support&#8230;<\/p><p>1.3. Wir erfassen durch bestimmte Cookies, die automatisch auf Ihrem Endger\u00e4t abgelegt werden, oder durch Cookies, die Ihrer ausdr\u00fccklichen Zustimmung unterliegen, bestimmte personenbezogene Daten w\u00e4hrend Ihrer Besuche auf unserer Website (https:\/\/www.google.com\/search?q=pro.weproc.com): zum Beispiel Datum, Uhrzeit und Dauer Ihres Besuchs, Ihren Navigationspfad, den Typ Ihres Betriebssystems etc.<\/p><p>Ein Cookie ist eine kleine Datei, die von einem Server im Endger\u00e4t (Computer, Telefon etc.) eines Nutzers gespeichert und einer Web-Domain zugeordnet wird. Er dient dazu, das Funktionieren der Website zu erm\u00f6glichen, die Navigation zu erleichtern (Speichern technischer Entscheidungen), die Nutzung der Website zu verbessern und das Nutzererlebnis besser zu verstehen. Die maximale Lebensdauer eines Cookies betr\u00e4gt 13 Monate.  <\/p><h2 class=\"bold\">III. Nutzung Ihrer personenbezogenen Daten <\/h2><p>Die Datenschutzrichtlinie ist <a href=\"https:\/\/www.weproc.com\/de\/datenschutzerklaerung\/\">hier<\/a> verf\u00fcgbar<\/p><h2 class=\"bold\">Cookies<\/h2><p class=\"lead\">Die personenbezogenen Daten werden nur in den durch die geltenden Vorschriften vorgesehenen F\u00e4llen verwendet:<\/p><p>Erf\u00fcllung des Vertrages \u00fcber Ihre Nutzung der Software WEPROC;<\/p><p>Einhaltung einer rechtlichen Verpflichtung;<\/p><p>Ihre Einwilligung zur Nutzung Ihrer Daten;<\/p><p>Unser berechtigtes Interesse an der Durchf\u00fchrung von Akquisitions- oder Werbema\u00dfnahmen f\u00fcr Weproc.<\/p><\/div><h2 class=\"bold\">IV. Verarbeitung personenbezogener Daten <\/h2><p class=\"lead\">WEPROC erhebt und verarbeitet Ihre personenbezogenen Daten auf loyale und rechtm\u00e4\u00dfige Weise sowie unter Einhaltung der Grunds\u00e4tze der europ\u00e4ischen Verordnung 2016\/679 vom 27. April 2016 (DSGVO). WEPROC ist Verantwortlicher f\u00fcr die Verarbeitung Ihrer personenbezogenen Daten im Sinne der DSGVO. <\/p><p>WEPROC hat einen Datenschutzbeauftragten (DPO) ernannt, den Sie unter dpo@WEPROC.com kontaktieren k\u00f6nnen.<\/p><p>Der Datenschutzbeauftragte hat insbesondere folgende Aufgaben:<\/p><p>Sensibilisierung der Mitarbeiter von WEPROC f\u00fcr den Schutz personenbezogener Nutzerdaten;<\/p><p>Begleitung bei der Umsetzung von Verarbeitungsprozessen;<\/p><p>Beantwortung von Anfragen zur Aus\u00fcbung Ihrer Rechte gem\u00e4\u00df Artikel VIII.<\/p><h2 class=\"bold\">V \u2013 Sicherheit Ihrer Daten<\/h2><p class=\"lead\">WEPROC setzt alles daran, Verlust, Missbrauch, Eindringen, unbefugte Offenlegung, \u00c4nderung oder Zerst\u00f6rung der von Ihnen \u00fcbermittelten personenbezogenen Daten zu verhindern.<\/p><p>Daher gilt:<\/p><ul><li>Die Daten werden im Europ\u00e4ischen Wirtschaftsraum (EWR) gespeichert. Die Sicherheitskontrolle der Server und die Aktualisierung von Weproc erfolgen in Echtzeit; <\/li><li>Die Mitarbeiter von WEPROC unterliegen einer Geheimhaltungs- und Offenlegungspflicht und haben eine spezifische Verpflichtung zum Schutz personenbezogener Daten unterzeichnet;<\/li><li>Der Zugriff auf Ihre Daten wird durch eine strenge Zugriffskontrollpolitik geregelt, die autorisierten Personen unter definierten Bedingungen vorbehalten ist;<\/li><\/ul><p>Wenn wir Dienstleister mit der Verarbeitung personenbezogener Daten beauftragen, haben wir zuvor gepr\u00fcft, ob diese ein gleichwertiges Schutzniveau gew\u00e4hrleisten.<\/p><h2 class=\"bold\">VI \u2013 Dauer der Datenspeicherung<\/h2><p class=\"lead\">WEPROC speichert Ihre personenbezogenen Daten gem\u00e4\u00df den folgenden gesetzlichen Bestimmungen:<\/p><p>Informationen zur Kundenkontoverwaltung, Fakturierung und Zahlungen: 10 Jahre nach Vertragsende oder dem letzten Kontakt des inaktiven Kunden.<\/p><p>Informationen zur Erstellung und Verwaltung von Interessentendateien: 3 Jahre ab dem letzten Kontakt durch den Interessenten.<\/p><p>Wir sind verpflichtet, die folgenden Daten aus der Erstellung, \u00c4nderung oder L\u00f6schung von Nutzerinhalten f\u00fcr 1 Jahr aufzubewahren:<\/p><ul><li>Verbindungsidentifikation;<\/li><li>Vom Endger\u00e4t vergebene Identifikation;<\/li><li>Protokolltypen<\/li><li>Art des Vorgangs;<\/li><li>Datum und Uhrzeit des Vorgangs;<\/li><li>Vom Urheber des Vorgangs verwendete Identifikation.<\/li><\/ul><p>Wenn die Speicherung der Daten nicht mehr durch die Kontoverwaltung, eine gesetzliche Verpflichtung, gesch\u00e4ftliche Anforderungen oder die Rechtsverteidigung gerechtfertigt ist, l\u00f6schen wir Ihre Daten sicher.<\/p><h2 class=\"bold\">VII. Zugriff auf Ihre personenbezogenen Daten <\/h2><h3 class=\"lead\">7.1. Zugriff auf Ihre Daten durch Mitarbeiter von WEPROC<\/h3><p>Abh\u00e4ngig von den in Artikel I definierten Zwecken k\u00f6nnen autorisierte Mitarbeiter von WEPROC Zugriff auf die personenbezogenen Daten haben.<\/p><p>Der Zugriff erfolgt auf Basis individueller Berechtigungen (siehe Artikel V).<\/p><h3>7.2. \u00dcbermittlung von Daten<\/h3><p>WEPROC kann folgende Leistungen untervergeben:<\/p><ul><li>Souver\u00e4nes<\/li><li>Wartung<\/li><li>Technische Entwicklungen<\/li><\/ul><p>Gem\u00e4\u00df Artikel 28 DSGVO wird der Zugriff auf Ihre Daten durch unsere Auftragsverarbeiter vertraglich geregelt. <\/p><h2 class=\"bold\">VIII. \u00dcbermittlung personenbezogener Daten <\/h2><p class=\"lead\">Wir speichern Ihre personenbezogenen Daten in der Europ\u00e4ischen Union.<\/p><p>Sollten Daten an Unterauftragnehmer in Drittl\u00e4ndern \u00fcbertragen werden, stellen wir sicher, dass angemessene Garantien gem\u00e4\u00df der DSGVO (wie Standardvertragsklauseln der EU-Kommission) vorliegen.<\/p><p>Wir behalten uns zudem vor, personenbezogene Daten unserer Nutzer bereitzustellen, sofern dies durch franz\u00f6sisches Recht erforderlich oder durch ein franz\u00f6sisches Gericht angeordnet ist.<\/p><h2 class=\"bold\">IX. Kommunikation von WEPROC <\/h2><p class=\"lead\">Wir k\u00f6nnen Ihnen E-Mails an die mit Ihrem Konto verkn\u00fcpfte Adresse senden, die technische, sicherheitsrelevante oder administrative Gr\u00fcnde (Abonnement, Events, Service-Entwicklung) betreffen.<\/p><h2 class=\"bold\">X. Bearbeitung von Rechteanfragen<\/h2><p class=\"lead\">Gem\u00e4\u00df dem franz\u00f6sischen Gesetz \u201eInformatique et Libert\u00e9s\u201c und der europ\u00e4ischen Verordnung 2016\/679 vom 27. April 2016 (DSGVO), die am 25. Mai 2018 in Kraft getreten ist, stehen Ihnen die folgenden Rechte in Bezug auf die Datenverarbeitung zu:<\/p><ul><li>Recht auf Auskunft und Berichtigung<\/li><li>Recht auf Widerspruch<\/li><li>Recht auf L\u00f6schung<\/li><li>Recht auf \u00dcbertragbarkeit<\/li><li>Recht auf Einschr\u00e4nkung der Verarbeitung<\/li><li>Recht auf Festlegung des Schicksals Ihrer Daten nach dem Tod<\/li><\/ul><p>Vous pouvez :<\/p><ul><li>\u00c4ndern Sie Ihre personenbezogenen Daten direkt in Ihrem WEPROC-Konto, sofern Sie \u00fcber eines verf\u00fcgen.<\/li><li>Verwalten Sie den Erhalt von Werbemitteilungen (die nicht mit einer Transaktion zusammenh\u00e4ngen), indem Sie einfach auf den Link \u201eAbmelden\u201c am Ende der von WEPROC versendeten E-Mails klicken.<\/li><\/ul><p>Sie k\u00f6nnen Ihre personenbezogenen Daten direkt in Ihrem WEPROC-Konto \u00e4ndern oder Werbe-E-Mails \u00fcber den Link &#8222;Abmelden&#8220; im Footer abbestellen. F\u00fcr die Aus\u00fcbung Ihrer Rechte schreiben Sie uns an: WEPROC \u2013 2 parvis des \u00e9coles b\u00e2timent les beaux-arts bureau B09 83000 TOULON oder per E-Mail an dpo@WEPROC.com.  <\/p><p>Gem\u00e4\u00df dem franz\u00f6sischen Gesetz \u201eInformatique et Libert\u00e9s\u201c und der europ\u00e4ischen Verordnung 2016\/679 vom 27. April 2016 (DSGVO), die am 25. Mai 2018 in Kraft getreten ist, stehen Ihnen die folgenden Rechte in Bezug auf die Datenverarbeitung zu:<\/p><\/div><\/div><\/div><\/div><\/article><\/div><\/div>\t\t\t\t\t\t\t\t<\/div>\n\t\t\t\t<\/div>\n\t\t\t\t\t<\/div>\n\t\t\t\t<\/div>\n\t\t\t\t<\/div>\n\t\t","protected":false},"excerpt":{"rendered":"<p>Stand: 15. Januar 2022 Die Datenschutzerkl\u00e4rung von WEPROC hat zum Ziel, Ihnen alle Informationen \u00fcber die Bedingungen zur Verf\u00fcgung zu stellen, unter denen WEPROC Ihre personenbezogenen Daten erhebt und verarbeitet. Durch den Zugriff auf und die Nutzung unserer Websites sowie der WEPROC-Einkaufssoftware verpflichten Sie sich, diese Datenschutzerkl\u00e4rung zur Kenntnis zu nehmen. Diese kann jederzeit ohne [&hellip;]<\/p>\n","protected":false},"author":7,"featured_media":25167,"parent":0,"menu_order":0,"comment_status":"closed","ping_status":"closed","template":"","meta":{"inline_featured_image":false,"footnotes":""},"class_list":["post-34993","page","type-page","status-publish","has-post-thumbnail","hentry"],"yoast_head":"<!-- This site is optimized with the Yoast SEO plugin v26.3 - https:\/\/yoast.com\/wordpress\/plugins\/seo\/ -->\n<title>Datenschutzrichtlinie<\/title>\n<meta name=\"description\" content=\"Entdecken Sie die Datenschutzbestimmungen von Weproc: Wie wir Ihre personenbezogenen Daten sicher erheben, nutzen und sch\u00fctzen.\" \/>\n<meta name=\"robots\" content=\"noindex, follow\" \/>\n<meta property=\"og:locale\" content=\"de_DE\" \/>\n<meta property=\"og:type\" content=\"article\" \/>\n<meta property=\"og:title\" content=\"Datenschutzrichtlinie\" \/>\n<meta property=\"og:description\" content=\"Entdecken Sie die Datenschutzbestimmungen von Weproc: Wie wir Ihre personenbezogenen Daten sicher erheben, nutzen und sch\u00fctzen.\" \/>\n<meta property=\"og:url\" content=\"https:\/\/www.weproc.com\/de\/datenschutzerklaerung\/\" \/>\n<meta property=\"og:site_name\" content=\"Weproc, Logiciel de Gestion des Achats\" \/>\n<meta property=\"article:publisher\" content=\"https:\/\/www.linkedin.com\/company\/weproc\" \/>\n<meta property=\"article:modified_time\" content=\"2026-02-27T09:30:56+00:00\" \/>\n<meta property=\"og:image\" content=\"https:\/\/www.weproc.com\/wp-content\/uploads\/2024\/07\/weproc-fr.png\" \/>\n\t<meta property=\"og:image:width\" content=\"1200\" \/>\n\t<meta property=\"og:image:height\" content=\"630\" \/>\n\t<meta property=\"og:image:type\" content=\"image\/png\" \/>\n<meta name=\"twitter:card\" content=\"summary_large_image\" \/>\n<meta name=\"twitter:label1\" content=\"Gesch\u00e4tzte Lesezeit\" \/>\n\t<meta name=\"twitter:data1\" content=\"6 Minuten\" \/>\n<script type=\"application\/ld+json\" class=\"yoast-schema-graph\">{\"@context\":\"https:\/\/schema.org\",\"@graph\":[{\"@type\":\"WebPage\",\"@id\":\"https:\/\/www.weproc.com\/de\/datenschutzerklaerung\/\",\"url\":\"https:\/\/www.weproc.com\/de\/datenschutzerklaerung\/\",\"name\":\"Datenschutzrichtlinie\",\"isPartOf\":{\"@id\":\"https:\/\/www.weproc.com\/de\/#website\"},\"primaryImageOfPage\":{\"@id\":\"https:\/\/www.weproc.com\/de\/datenschutzerklaerung\/#primaryimage\"},\"image\":{\"@id\":\"https:\/\/www.weproc.com\/de\/datenschutzerklaerung\/#primaryimage\"},\"thumbnailUrl\":\"https:\/\/www.weproc.com\/wp-content\/uploads\/2024\/07\/weproc-fr.png\",\"datePublished\":\"2024-03-19T14:25:32+00:00\",\"dateModified\":\"2026-02-27T09:30:56+00:00\",\"description\":\"Entdecken Sie die Datenschutzbestimmungen von Weproc: Wie wir Ihre personenbezogenen Daten sicher erheben, nutzen und sch\u00fctzen.\",\"breadcrumb\":{\"@id\":\"https:\/\/www.weproc.com\/de\/datenschutzerklaerung\/#breadcrumb\"},\"inLanguage\":\"de\",\"potentialAction\":[{\"@type\":\"ReadAction\",\"target\":[\"https:\/\/www.weproc.com\/de\/datenschutzerklaerung\/\"]}]},{\"@type\":\"ImageObject\",\"inLanguage\":\"de\",\"@id\":\"https:\/\/www.weproc.com\/de\/datenschutzerklaerung\/#primaryimage\",\"url\":\"https:\/\/www.weproc.com\/wp-content\/uploads\/2024\/07\/weproc-fr.png\",\"contentUrl\":\"https:\/\/www.weproc.com\/wp-content\/uploads\/2024\/07\/weproc-fr.png\",\"width\":1200,\"height\":630,\"caption\":\"weproc\"},{\"@type\":\"BreadcrumbList\",\"@id\":\"https:\/\/www.weproc.com\/de\/datenschutzerklaerung\/#breadcrumb\",\"itemListElement\":[{\"@type\":\"ListItem\",\"position\":1,\"name\":\"Accueil\",\"item\":\"https:\/\/www.weproc.com\/de\/\"},{\"@type\":\"ListItem\",\"position\":2,\"name\":\"Datenschutzerkl\u00e4rung\"}]},{\"@type\":\"WebSite\",\"@id\":\"https:\/\/www.weproc.com\/de\/#website\",\"url\":\"https:\/\/www.weproc.com\/de\/\",\"name\":\"Weproc\",\"description\":\"eProcurement\",\"publisher\":{\"@id\":\"https:\/\/www.weproc.com\/de\/#organization\"},\"potentialAction\":[{\"@type\":\"SearchAction\",\"target\":{\"@type\":\"EntryPoint\",\"urlTemplate\":\"https:\/\/www.weproc.com\/de\/?s={search_term_string}\"},\"query-input\":{\"@type\":\"PropertyValueSpecification\",\"valueRequired\":true,\"valueName\":\"search_term_string\"}}],\"inLanguage\":\"de\"},{\"@type\":\"Organization\",\"@id\":\"https:\/\/www.weproc.com\/de\/#organization\",\"name\":\"Weproc\",\"url\":\"https:\/\/www.weproc.com\/de\/\",\"logo\":{\"@type\":\"ImageObject\",\"inLanguage\":\"de\",\"@id\":\"https:\/\/www.weproc.com\/de\/#\/schema\/logo\/image\/\",\"url\":\"https:\/\/www.weproc.com\/wp-content\/uploads\/2025\/12\/cropped-logo-weproc.png\",\"contentUrl\":\"https:\/\/www.weproc.com\/wp-content\/uploads\/2025\/12\/cropped-logo-weproc.png\",\"width\":512,\"height\":512,\"caption\":\"Weproc\"},\"image\":{\"@id\":\"https:\/\/www.weproc.com\/de\/#\/schema\/logo\/image\/\"},\"sameAs\":[\"https:\/\/www.linkedin.com\/company\/weproc\",\"https:\/\/www.youtube.com\/@weproc\"]}]}<\/script>\n<!-- \/ Yoast SEO plugin. -->","yoast_head_json":{"title":"Datenschutzrichtlinie","description":"Entdecken Sie die Datenschutzbestimmungen von Weproc: Wie wir Ihre personenbezogenen Daten sicher erheben, nutzen und sch\u00fctzen.","robots":{"index":"noindex","follow":"follow"},"og_locale":"de_DE","og_type":"article","og_title":"Datenschutzrichtlinie","og_description":"Entdecken Sie die Datenschutzbestimmungen von Weproc: Wie wir Ihre personenbezogenen Daten sicher erheben, nutzen und sch\u00fctzen.","og_url":"https:\/\/www.weproc.com\/de\/datenschutzerklaerung\/","og_site_name":"Weproc, Logiciel de Gestion des Achats","article_publisher":"https:\/\/www.linkedin.com\/company\/weproc","article_modified_time":"2026-02-27T09:30:56+00:00","og_image":[{"width":1200,"height":630,"url":"https:\/\/www.weproc.com\/wp-content\/uploads\/2024\/07\/weproc-fr.png","type":"image\/png"}],"twitter_card":"summary_large_image","twitter_misc":{"Gesch\u00e4tzte Lesezeit":"6 Minuten"},"schema":{"@context":"https:\/\/schema.org","@graph":[{"@type":"WebPage","@id":"https:\/\/www.weproc.com\/de\/datenschutzerklaerung\/","url":"https:\/\/www.weproc.com\/de\/datenschutzerklaerung\/","name":"Datenschutzrichtlinie","isPartOf":{"@id":"https:\/\/www.weproc.com\/de\/#website"},"primaryImageOfPage":{"@id":"https:\/\/www.weproc.com\/de\/datenschutzerklaerung\/#primaryimage"},"image":{"@id":"https:\/\/www.weproc.com\/de\/datenschutzerklaerung\/#primaryimage"},"thumbnailUrl":"https:\/\/www.weproc.com\/wp-content\/uploads\/2024\/07\/weproc-fr.png","datePublished":"2024-03-19T14:25:32+00:00","dateModified":"2026-02-27T09:30:56+00:00","description":"Entdecken Sie die Datenschutzbestimmungen von Weproc: Wie wir Ihre personenbezogenen Daten sicher erheben, nutzen und sch\u00fctzen.","breadcrumb":{"@id":"https:\/\/www.weproc.com\/de\/datenschutzerklaerung\/#breadcrumb"},"inLanguage":"de","potentialAction":[{"@type":"ReadAction","target":["https:\/\/www.weproc.com\/de\/datenschutzerklaerung\/"]}]},{"@type":"ImageObject","inLanguage":"de","@id":"https:\/\/www.weproc.com\/de\/datenschutzerklaerung\/#primaryimage","url":"https:\/\/www.weproc.com\/wp-content\/uploads\/2024\/07\/weproc-fr.png","contentUrl":"https:\/\/www.weproc.com\/wp-content\/uploads\/2024\/07\/weproc-fr.png","width":1200,"height":630,"caption":"weproc"},{"@type":"BreadcrumbList","@id":"https:\/\/www.weproc.com\/de\/datenschutzerklaerung\/#breadcrumb","itemListElement":[{"@type":"ListItem","position":1,"name":"Accueil","item":"https:\/\/www.weproc.com\/de\/"},{"@type":"ListItem","position":2,"name":"Datenschutzerkl\u00e4rung"}]},{"@type":"WebSite","@id":"https:\/\/www.weproc.com\/de\/#website","url":"https:\/\/www.weproc.com\/de\/","name":"Weproc","description":"eProcurement","publisher":{"@id":"https:\/\/www.weproc.com\/de\/#organization"},"potentialAction":[{"@type":"SearchAction","target":{"@type":"EntryPoint","urlTemplate":"https:\/\/www.weproc.com\/de\/?s={search_term_string}"},"query-input":{"@type":"PropertyValueSpecification","valueRequired":true,"valueName":"search_term_string"}}],"inLanguage":"de"},{"@type":"Organization","@id":"https:\/\/www.weproc.com\/de\/#organization","name":"Weproc","url":"https:\/\/www.weproc.com\/de\/","logo":{"@type":"ImageObject","inLanguage":"de","@id":"https:\/\/www.weproc.com\/de\/#\/schema\/logo\/image\/","url":"https:\/\/www.weproc.com\/wp-content\/uploads\/2025\/12\/cropped-logo-weproc.png","contentUrl":"https:\/\/www.weproc.com\/wp-content\/uploads\/2025\/12\/cropped-logo-weproc.png","width":512,"height":512,"caption":"Weproc"},"image":{"@id":"https:\/\/www.weproc.com\/de\/#\/schema\/logo\/image\/"},"sameAs":["https:\/\/www.linkedin.com\/company\/weproc","https:\/\/www.youtube.com\/@weproc"]}]}},"_links":{"self":[{"href":"https:\/\/www.weproc.com\/de\/wp-json\/wp\/v2\/pages\/34993","targetHints":{"allow":["GET"]}}],"collection":[{"href":"https:\/\/www.weproc.com\/de\/wp-json\/wp\/v2\/pages"}],"about":[{"href":"https:\/\/www.weproc.com\/de\/wp-json\/wp\/v2\/types\/page"}],"author":[{"embeddable":true,"href":"https:\/\/www.weproc.com\/de\/wp-json\/wp\/v2\/users\/7"}],"replies":[{"embeddable":true,"href":"https:\/\/www.weproc.com\/de\/wp-json\/wp\/v2\/comments?post=34993"}],"version-history":[{"count":4,"href":"https:\/\/www.weproc.com\/de\/wp-json\/wp\/v2\/pages\/34993\/revisions"}],"predecessor-version":[{"id":35262,"href":"https:\/\/www.weproc.com\/de\/wp-json\/wp\/v2\/pages\/34993\/revisions\/35262"}],"wp:featuredmedia":[{"embeddable":true,"href":"https:\/\/www.weproc.com\/de\/wp-json\/wp\/v2\/media\/25167"}],"wp:attachment":[{"href":"https:\/\/www.weproc.com\/de\/wp-json\/wp\/v2\/media?parent=34993"}],"curies":[{"name":"wp","href":"https:\/\/api.w.org\/{rel}","templated":true}]}}