{"id":25243,"date":"2024-03-19T15:30:34","date_gmt":"2024-03-19T14:30:34","guid":{"rendered":"https:\/\/www.weproc.com\/cookies\/"},"modified":"2026-02-27T10:38:06","modified_gmt":"2026-02-27T09:38:06","slug":"cookies","status":"publish","type":"page","link":"https:\/\/www.weproc.com\/de\/cookies\/","title":{"rendered":"Cookies"},"content":{"rendered":"\t\t<div data-elementor-type=\"wp-page\" data-elementor-id=\"25243\" class=\"elementor elementor-25243 elementor-13069\" data-elementor-settings=\"{&quot;element_pack_global_tooltip_width&quot;:{&quot;unit&quot;:&quot;px&quot;,&quot;size&quot;:&quot;&quot;,&quot;sizes&quot;:[]},&quot;element_pack_global_tooltip_width_widescreen&quot;:{&quot;unit&quot;:&quot;px&quot;,&quot;size&quot;:&quot;&quot;,&quot;sizes&quot;:[]},&quot;element_pack_global_tooltip_width_tablet_extra&quot;:{&quot;unit&quot;:&quot;px&quot;,&quot;size&quot;:&quot;&quot;,&quot;sizes&quot;:[]},&quot;element_pack_global_tooltip_width_tablet&quot;:{&quot;unit&quot;:&quot;px&quot;,&quot;size&quot;:&quot;&quot;,&quot;sizes&quot;:[]},&quot;element_pack_global_tooltip_width_mobile&quot;:{&quot;unit&quot;:&quot;px&quot;,&quot;size&quot;:&quot;&quot;,&quot;sizes&quot;:[]},&quot;element_pack_global_tooltip_padding&quot;:{&quot;unit&quot;:&quot;px&quot;,&quot;top&quot;:&quot;&quot;,&quot;right&quot;:&quot;&quot;,&quot;bottom&quot;:&quot;&quot;,&quot;left&quot;:&quot;&quot;,&quot;isLinked&quot;:true},&quot;element_pack_global_tooltip_padding_widescreen&quot;:{&quot;unit&quot;:&quot;px&quot;,&quot;top&quot;:&quot;&quot;,&quot;right&quot;:&quot;&quot;,&quot;bottom&quot;:&quot;&quot;,&quot;left&quot;:&quot;&quot;,&quot;isLinked&quot;:true},&quot;element_pack_global_tooltip_padding_tablet_extra&quot;:{&quot;unit&quot;:&quot;px&quot;,&quot;top&quot;:&quot;&quot;,&quot;right&quot;:&quot;&quot;,&quot;bottom&quot;:&quot;&quot;,&quot;left&quot;:&quot;&quot;,&quot;isLinked&quot;:true},&quot;element_pack_global_tooltip_padding_tablet&quot;:{&quot;unit&quot;:&quot;px&quot;,&quot;top&quot;:&quot;&quot;,&quot;right&quot;:&quot;&quot;,&quot;bottom&quot;:&quot;&quot;,&quot;left&quot;:&quot;&quot;,&quot;isLinked&quot;:true},&quot;element_pack_global_tooltip_padding_mobile&quot;:{&quot;unit&quot;:&quot;px&quot;,&quot;top&quot;:&quot;&quot;,&quot;right&quot;:&quot;&quot;,&quot;bottom&quot;:&quot;&quot;,&quot;left&quot;:&quot;&quot;,&quot;isLinked&quot;:true},&quot;element_pack_global_tooltip_border_radius&quot;:{&quot;unit&quot;:&quot;px&quot;,&quot;top&quot;:&quot;&quot;,&quot;right&quot;:&quot;&quot;,&quot;bottom&quot;:&quot;&quot;,&quot;left&quot;:&quot;&quot;,&quot;isLinked&quot;:true},&quot;element_pack_global_tooltip_border_radius_widescreen&quot;:{&quot;unit&quot;:&quot;px&quot;,&quot;top&quot;:&quot;&quot;,&quot;right&quot;:&quot;&quot;,&quot;bottom&quot;:&quot;&quot;,&quot;left&quot;:&quot;&quot;,&quot;isLinked&quot;:true},&quot;element_pack_global_tooltip_border_radius_tablet_extra&quot;:{&quot;unit&quot;:&quot;px&quot;,&quot;top&quot;:&quot;&quot;,&quot;right&quot;:&quot;&quot;,&quot;bottom&quot;:&quot;&quot;,&quot;left&quot;:&quot;&quot;,&quot;isLinked&quot;:true},&quot;element_pack_global_tooltip_border_radius_tablet&quot;:{&quot;unit&quot;:&quot;px&quot;,&quot;top&quot;:&quot;&quot;,&quot;right&quot;:&quot;&quot;,&quot;bottom&quot;:&quot;&quot;,&quot;left&quot;:&quot;&quot;,&quot;isLinked&quot;:true},&quot;element_pack_global_tooltip_border_radius_mobile&quot;:{&quot;unit&quot;:&quot;px&quot;,&quot;top&quot;:&quot;&quot;,&quot;right&quot;:&quot;&quot;,&quot;bottom&quot;:&quot;&quot;,&quot;left&quot;:&quot;&quot;,&quot;isLinked&quot;:true}}\" data-elementor-post-type=\"page\">\n\t\t\t\t<div class=\"elementor-element elementor-element-11b7c0a e-flex e-con-boxed e-con e-parent\" data-id=\"11b7c0a\" data-element_type=\"container\">\n\t\t\t\t\t<div class=\"e-con-inner\">\n\t\t\t\t<div class=\"elementor-element elementor-element-39478c1 elementor-widget elementor-widget-heading\" data-id=\"39478c1\" data-element_type=\"widget\" data-widget_type=\"heading.default\">\n\t\t\t\t<div class=\"elementor-widget-container\">\n\t\t\t\t\t<h1 class=\"elementor-heading-title elementor-size-default\">Cookies<\/h1>\t\t\t\t<\/div>\n\t\t\t\t<\/div>\n\t\t\t\t\t<\/div>\n\t\t\t\t<\/div>\n\t\t<div class=\"elementor-element elementor-element-73bbae4 e-flex e-con-boxed e-con e-parent\" data-id=\"73bbae4\" data-element_type=\"container\">\n\t\t\t\t\t<div class=\"e-con-inner\">\n\t\t\t\t<div class=\"elementor-element elementor-element-71c542f elementor-widget elementor-widget-text-editor\" data-id=\"71c542f\" data-element_type=\"widget\" data-widget_type=\"text-editor.default\">\n\t\t\t\t<div class=\"elementor-widget-container\">\n\t\t\t\t\t\t\t\t\t<div id=\"content\" class=\"uicore-content\"><div id=\"primary\" class=\"content-area\"><article id=\"post-990\" class=\"post-990 page type-page status-publish hentry\"><div class=\"entry-content\"><div class=\"infos\"><p class=\"lead date\">Diese Cookie-Richtlinie dient dazu, die Nutzer der WEPROC-Website (https:\/\/www.weproc.com) \u00fcber die Art und Verwendung von Cookies sowie \u00fcber die Tools zu deren Konfiguration zu informieren. Um Aktualisierungen dieser Richtlinie zu \u00fcberpr\u00fcfen, laden wir Sie ein, diese Seite regelm\u00e4\u00dfig zu besuchen. Beim Besuch der WEPROC-Website unterliegt das Speichern von Cookies auf Ihrem verwendeten Ger\u00e4t Ihrer Zustimmung, sofern die Cookies nicht zwingend f\u00fcr den Betrieb der Website erforderlich sind.  <\/p><\/div><div class=\"paragraphe\"><h2 class=\"bold\">I. Was ist ein Cookie?<\/h2><p class=\"lead\">Ein Cookie ist eine kleine Datei, die durch einen Namen identifiziert wird und von der Website, mit der Sie sich verbinden, abgelegt werden kann. Ihr Webbrowser speichert sie f\u00fcr einen bestimmten Zeitraum (siehe Cookie-Speicherdauer) und sendet sie bei jeder erneuten Anmeldung an den Webserver zur\u00fcck. Cookies werden verwendet, um das Funktionieren der Website zu gew\u00e4hrleisten, Ihre Navigation zu erleichtern und Ihnen relevante Angebote und Dienstleistungen zur Verf\u00fcgung zu stellen. Wenn Sie unsere Website besuchen, werden bestimmte Cookies, die f\u00fcr den Betrieb der Website unerl\u00e4sslich sind, automatisch auf Ihrem Ger\u00e4t abgelegt. Andere Cookies bed\u00fcrfen Ihrer ausdr\u00fccklichen Zustimmung (IV. Zustimmung zur Hinterlegung von Cookies).    <\/p><\/div><div class=\"paragraphe\"><h2 class=\"bold\">II. Durch Cookies gesammelte Informationen <\/h2><p class=\"lead\">Die Cookies der Website k\u00f6nnen Daten \u00fcber ein Ger\u00e4t oder Verhalten zu einem bestimmten Zeitpunkt sammeln, einschlie\u00dflich:<\/p><ul class=\"lead\"><li>Die IP-Adresse des verbundenen Ger\u00e4ts.<\/li><li>Das Datum, die Uhrzeit und die Dauer eines Besuchs auf einer Seite oder der gesamten Website.<\/li><li>Die Anzahl der Seitenaufrufe.<\/li><li>Der Navigationspfad.<\/li><li>Der Typ des Betriebssystems.<\/li><li>Der Typ des Betriebssystems.<\/li><li>Der Typ und die Version der verwendeten Browsersoftware.<\/li><li>Die Marke und das Modell des Mobilger\u00e4ts oder Tablets.<\/li><\/ul><\/div><div class=\"paragraphe\"><h2 class=\"bold\">III. Arten und Zwecke von Cookies <\/h2><p class=\"lead\">1. Arten von Cookies<\/p><p>1. Erstanbieter-Cookies<\/p><p>First-Party-Cookies werden von Weproc lokal generiert und gespeichert: Kein Dritter hat Zugriff auf die Daten. Sie sind von sogenannten &#8222;Third-Party&#8220;-Cookies zu unterscheiden, die von unseren Lieferanten oder von sozialen Netzwerken erzeugt werden. <\/p><p>2. Cookies von Drittanbietern<\/p><p>Ein Drittanbieter-Cookie ist ein Cookie, das vom Server einer anderen Domain als der der Website auf Ihrem Ger\u00e4t abgelegt wird. Cookies von Drittanbietern sind in der Regel solche, die von Webanalysediensten, verschiedenen Marketing-Tools, sozialen Netzwerken oder verschiedenen Werbeplattformen (Retargeting) verwendet werden. <\/p><p>2. Zweck von Cookies<\/p><p>Cookies, die f\u00fcr den Betrieb der WEPROC-Website erforderlich sind<\/p><p>Diese Cookies sind unerl\u00e4sslich, um den Betrieb und die Optimierung der Website zu gew\u00e4hrleisten. Sie erm\u00f6glichen es Ihnen, die Hauptfunktionen der Website zu nutzen und Ihre Verbindung zu sichern. <\/p><p>Die Website verwendet:<\/p><p>gtm_auth \/ gtm_preview: um Ihnen das Akzeptieren\/Ablehnen von Cookies zu erm\u00f6glichen<\/p><p>Tawk To: chatten Sie mit uns<\/p><p>Da diese Cookies f\u00fcr den Betrieb oder die Navigation auf der Website oder die Nutzung eines Dienstes auf Ihren Wunsch unerl\u00e4sslich sind, k\u00f6nnen sie nicht \u00fcber das Cookie-Banner auf der Weproc-Website abgelehnt werden.<\/p><p>Zum Beispiel platziert unser Partner Tawk To Cookies, um uns die Nutzung des Online-Chat-Tools zu erm\u00f6glichen: Diese Cookies sind f\u00fcr den Betrieb dieser Dienste unerl\u00e4sslich und werden nur gesetzt, wenn Sie davon profitieren m\u00f6chten.<\/p><p>Sie k\u00f6nnen diesen auch \u00fcber Ihre Browsereinstellungen widersprechen und diese l\u00f6schen (VI. B. Cookie-Verwaltung), Ihre Benutzererfahrung kann jedoch beeintr\u00e4chtigt werden.<\/p><p>Cookies zur Verfolgung der Besuche auf der Plattform und zur Messung der Wirksamkeit von Werbekampagnen<\/p><p>Diese Cookies erm\u00f6glichen es uns, die Leistung unserer Marketingaktionen zu messen, um Ihnen Inhalte anzubieten, die immer relevanter und an Ihre Erwartungen angepasst sind.<\/p><p>Die Website verwendet:<\/p><p>Google Anzeigen<\/p><p>Plezi<\/p><p>Sie k\u00f6nnen diese jederzeit \u00fcber unser Cookie-Banner (VI. Cookie-Verwaltung). Wenn Sie sie akzeptieren, werden die durch die Cookies gespeicherten Informationen maximal 13 Monate lang aufbewahrt. <\/p><p>Cookies zur Messung von Publikum und Interaktionen auf unserer Website<\/p><p>Diese Cookies erm\u00f6glichen es, das Publikum der Website zu \u00fcberwachen, um statistische Daten \u00fcber deren Nutzung zu generieren. Sie erm\u00f6glichen es uns, die Leistung der Website zu verbessern und Ihnen angepasste Inhalte anzubieten. <\/p><p>Die Website verwendet:<\/p><p>Google Analytics<\/p><p>Hotjar<\/p><p>Sie k\u00f6nnen diese jederzeit \u00fcber unser Cookie-Banner (VI. Cookie-Verwaltung). Wenn Sie sie akzeptieren, werden die durch die Cookies gespeicherten Informationen maximal 13 Monate lang aufbewahrt. <\/p><\/div><div class=\"paragraphe\"><h2 class=\"bold\">IV. Zustimmung zur Hinterlegung von Cookies <\/h2><p class=\"lead\">Wenn Sie die Website zum ersten Mal besuchen, sehen Sie ein Banner, das den Cookies gewidmet ist und Ihnen Folgendes anbietet: Alle Cookies zu akzeptieren oder abzulehnen Das technische Cookie, das Ihre Auswahl speichert, wird f\u00fcr einen Zeitraum von 6 Monaten auf Ihrem Ger\u00e4t abgelegt: Schlie\u00dflich werden wir Sie erneut bitten, Cookies zu akzeptieren, zu konfigurieren oder abzulehnen.<\/p><\/div><div class=\"paragraphe\"><h2 class=\"bold\">V. Dauer der Speicherung von Cookies<\/h2><p class=\"lead\">Session-Cookies verschwinden, sobald Sie die Website verlassen, w\u00e4hrend sogenannte permanente Cookies bis zum Ablauf ihrer Lebensdauer (maximal 13 Monate) oder bis zu dem Zeitpunkt, an dem Sie sie mit den Funktionen Ihres Browsers l\u00f6schen (VI. Cookie-Verwaltung).<\/p><\/div><div class=\"paragraphe\"><h2 class=\"bold\">VI. Cookie-Verwaltung <\/h2><p class=\"lead\">1. Konfigurieren Ihres Webbrowsers<\/p><p>Sie k\u00f6nnen Ihren Webbrowser jederzeit und kostenlos konfigurieren, wenn Sie m\u00f6chten, dass Cookies auf Ihrem Ger\u00e4t gespeichert oder abgelehnt werden, entweder systematisch oder je nach Herausgeber.<\/p><p>Das v\u00f6llige Verbot von Cookies kann jedoch zu Problemen bei der Navigation auf der Website f\u00fchren.<\/p><p>F\u00fcr die Verwaltung von Cookies ist die Konfiguration jedes Browsers unterschiedlich. Es wird im Hilfemen\u00fc Ihres Browsers beschrieben, in dem Sie wissen k\u00f6nnen, wie Sie Ihre Cookie-W\u00fcnsche \u00e4ndern k\u00f6nnen. <\/p><p>Als Beispiel finden Sie hier die Links zu den Verfahren zum Konfigurieren Ihrer Auswahl in den Browseroptionen:<\/p><p>Chrom<\/p><p>Firefox<\/p><p>Microsoft Edge<\/p><p>Oper<\/p><p>Weitere Informationen zur Konfiguration von Cookies finden Sie auf der Website der franz\u00f6sischen Datenschutzbeh\u00f6rde CNIL: https:\/\/www.cnil.fr\/fr\/cookies-les-outils-pour-les-maitriser.<\/p><\/div><div class=\"paragraphe\"><h2 class=\"bold\">VII. Garantien unserer Partner <\/h2><p class=\"lead\">Die Website st\u00fctzt sich auf bestimmte Dienste, die von Websites Dritter angeboten werden. Diese Funktionen verwenden Cookies von Drittanbietern, die direkt von diesen Diensten platziert werden. Wenn Sie die Website zum ersten Mal besuchen, informiert Sie das Cookie-Banner \u00fcber das Vorhandensein dieser Cookies und fordert Sie auf, Ihre Wahl anzugeben. Sie werden nur hinterlegt, wenn Sie sie akzeptieren.   <\/p><p>Zu Ihrer Information finden Sie hier die Links zu den Datenschutzrichtlinien unserer Partner:<\/p><p>Google Analytics<\/p><p>Google Anzeigen<\/p><p>Hotjar<\/p><\/div><div class=\"paragraphe\"><h2 class=\"bold\">VIII. Zus\u00e4tzliche Informationen <\/h2><p class=\"lead\">Sie k\u00f6nnen jederzeit unsere Datenschutzbestimmungen einsehen, wenn Sie mehr dar\u00fcber erfahren m\u00f6chten, wie wir Ihre personenbezogenen Daten verwalten. F\u00fcr alle weiteren Informationen k\u00f6nnen Sie uns per E-Mail unter contact@www.weproc.com kontaktieren. <\/p><\/div><div class=\"uicore elementor-container uicore-content-wrapper uicore-no-editor\"><div class=\"uicore-content\"><div class=\"paragraphe\"><div class=\"paragraphe\"> <\/div><\/div><\/div><\/div><\/div><\/article><\/div><\/div>\t\t\t\t\t\t\t\t<\/div>\n\t\t\t\t<\/div>\n\t\t\t\t\t<\/div>\n\t\t\t\t<\/div>\n\t\t\t\t<\/div>\n\t\t","protected":false},"excerpt":{"rendered":"<p>Diese Cookie-Richtlinie dient dazu, die Nutzer der WEPROC-Website (https:\/\/www.weproc.com) \u00fcber die Art und Verwendung von Cookies sowie \u00fcber die Tools zu deren Konfiguration zu informieren. Um Aktualisierungen dieser Richtlinie zu \u00fcberpr\u00fcfen, laden wir Sie ein, diese Seite regelm\u00e4\u00dfig zu besuchen. Beim Besuch der WEPROC-Website unterliegt das Speichern von Cookies auf Ihrem verwendeten Ger\u00e4t Ihrer Zustimmung, [&hellip;]<\/p>\n","protected":false},"author":7,"featured_media":25167,"parent":0,"menu_order":0,"comment_status":"closed","ping_status":"closed","template":"","meta":{"inline_featured_image":false,"footnotes":""},"class_list":["post-25243","page","type-page","status-publish","has-post-thumbnail","hentry"],"yoast_head":"<!-- This site is optimized with the Yoast SEO plugin v26.3 - https:\/\/yoast.com\/wordpress\/plugins\/seo\/ -->\n<title>Cookie-Richtlinie Weproc<\/title>\n<meta name=\"description\" content=\"Lesen Sie die Cookie-Richtlinie von WEPROC: Erfahren Sie mehr \u00fcber die Art und Verwendung von Trackern auf unserer Website und konfigurieren Sie Ihre Zustimmungseinstellungen.\" \/>\n<meta name=\"robots\" content=\"noindex, follow\" \/>\n<meta property=\"og:locale\" content=\"de_DE\" \/>\n<meta property=\"og:type\" content=\"article\" \/>\n<meta property=\"og:title\" content=\"Cookie-Richtlinie Weproc\" \/>\n<meta property=\"og:description\" content=\"Lesen Sie die Cookie-Richtlinie von WEPROC: Erfahren Sie mehr \u00fcber die Art und Verwendung von Trackern auf unserer Website und konfigurieren Sie Ihre Zustimmungseinstellungen.\" \/>\n<meta property=\"og:url\" content=\"https:\/\/www.weproc.com\/de\/cookies\/\" \/>\n<meta property=\"og:site_name\" content=\"Weproc, Logiciel de Gestion des Achats\" \/>\n<meta property=\"article:publisher\" content=\"https:\/\/www.linkedin.com\/company\/weproc\" \/>\n<meta property=\"article:modified_time\" content=\"2026-02-27T09:38:06+00:00\" \/>\n<meta property=\"og:image\" content=\"https:\/\/www.weproc.com\/wp-content\/uploads\/2024\/07\/weproc-fr.png\" \/>\n\t<meta property=\"og:image:width\" content=\"1200\" \/>\n\t<meta property=\"og:image:height\" content=\"630\" \/>\n\t<meta property=\"og:image:type\" content=\"image\/png\" \/>\n<meta name=\"twitter:card\" content=\"summary_large_image\" \/>\n<meta name=\"twitter:label1\" content=\"Gesch\u00e4tzte Lesezeit\" \/>\n\t<meta name=\"twitter:data1\" content=\"5 Minuten\" \/>\n<script type=\"application\/ld+json\" class=\"yoast-schema-graph\">{\"@context\":\"https:\/\/schema.org\",\"@graph\":[{\"@type\":\"WebPage\",\"@id\":\"https:\/\/www.weproc.com\/de\/cookies\/\",\"url\":\"https:\/\/www.weproc.com\/de\/cookies\/\",\"name\":\"Cookie-Richtlinie Weproc\",\"isPartOf\":{\"@id\":\"https:\/\/www.weproc.com\/de\/#website\"},\"primaryImageOfPage\":{\"@id\":\"https:\/\/www.weproc.com\/de\/cookies\/#primaryimage\"},\"image\":{\"@id\":\"https:\/\/www.weproc.com\/de\/cookies\/#primaryimage\"},\"thumbnailUrl\":\"https:\/\/www.weproc.com\/wp-content\/uploads\/2024\/07\/weproc-fr.png\",\"datePublished\":\"2024-03-19T14:30:34+00:00\",\"dateModified\":\"2026-02-27T09:38:06+00:00\",\"description\":\"Lesen Sie die Cookie-Richtlinie von WEPROC: Erfahren Sie mehr \u00fcber die Art und Verwendung von Trackern auf unserer Website und konfigurieren Sie Ihre Zustimmungseinstellungen.\",\"breadcrumb\":{\"@id\":\"https:\/\/www.weproc.com\/de\/cookies\/#breadcrumb\"},\"inLanguage\":\"de\",\"potentialAction\":[{\"@type\":\"ReadAction\",\"target\":[\"https:\/\/www.weproc.com\/de\/cookies\/\"]}]},{\"@type\":\"ImageObject\",\"inLanguage\":\"de\",\"@id\":\"https:\/\/www.weproc.com\/de\/cookies\/#primaryimage\",\"url\":\"https:\/\/www.weproc.com\/wp-content\/uploads\/2024\/07\/weproc-fr.png\",\"contentUrl\":\"https:\/\/www.weproc.com\/wp-content\/uploads\/2024\/07\/weproc-fr.png\",\"width\":1200,\"height\":630,\"caption\":\"weproc\"},{\"@type\":\"BreadcrumbList\",\"@id\":\"https:\/\/www.weproc.com\/de\/cookies\/#breadcrumb\",\"itemListElement\":[{\"@type\":\"ListItem\",\"position\":1,\"name\":\"Accueil\",\"item\":\"https:\/\/www.weproc.com\/de\/\"},{\"@type\":\"ListItem\",\"position\":2,\"name\":\"Cookies\"}]},{\"@type\":\"WebSite\",\"@id\":\"https:\/\/www.weproc.com\/de\/#website\",\"url\":\"https:\/\/www.weproc.com\/de\/\",\"name\":\"Weproc\",\"description\":\"eProcurement\",\"publisher\":{\"@id\":\"https:\/\/www.weproc.com\/de\/#organization\"},\"potentialAction\":[{\"@type\":\"SearchAction\",\"target\":{\"@type\":\"EntryPoint\",\"urlTemplate\":\"https:\/\/www.weproc.com\/de\/?s={search_term_string}\"},\"query-input\":{\"@type\":\"PropertyValueSpecification\",\"valueRequired\":true,\"valueName\":\"search_term_string\"}}],\"inLanguage\":\"de\"},{\"@type\":\"Organization\",\"@id\":\"https:\/\/www.weproc.com\/de\/#organization\",\"name\":\"Weproc\",\"url\":\"https:\/\/www.weproc.com\/de\/\",\"logo\":{\"@type\":\"ImageObject\",\"inLanguage\":\"de\",\"@id\":\"https:\/\/www.weproc.com\/de\/#\/schema\/logo\/image\/\",\"url\":\"https:\/\/www.weproc.com\/wp-content\/uploads\/2025\/12\/cropped-logo-weproc.png\",\"contentUrl\":\"https:\/\/www.weproc.com\/wp-content\/uploads\/2025\/12\/cropped-logo-weproc.png\",\"width\":512,\"height\":512,\"caption\":\"Weproc\"},\"image\":{\"@id\":\"https:\/\/www.weproc.com\/de\/#\/schema\/logo\/image\/\"},\"sameAs\":[\"https:\/\/www.linkedin.com\/company\/weproc\",\"https:\/\/www.youtube.com\/@weproc\"]}]}<\/script>\n<!-- \/ Yoast SEO plugin. -->","yoast_head_json":{"title":"Cookie-Richtlinie Weproc","description":"Lesen Sie die Cookie-Richtlinie von WEPROC: Erfahren Sie mehr \u00fcber die Art und Verwendung von Trackern auf unserer Website und konfigurieren Sie Ihre Zustimmungseinstellungen.","robots":{"index":"noindex","follow":"follow"},"og_locale":"de_DE","og_type":"article","og_title":"Cookie-Richtlinie Weproc","og_description":"Lesen Sie die Cookie-Richtlinie von WEPROC: Erfahren Sie mehr \u00fcber die Art und Verwendung von Trackern auf unserer Website und konfigurieren Sie Ihre Zustimmungseinstellungen.","og_url":"https:\/\/www.weproc.com\/de\/cookies\/","og_site_name":"Weproc, Logiciel de Gestion des Achats","article_publisher":"https:\/\/www.linkedin.com\/company\/weproc","article_modified_time":"2026-02-27T09:38:06+00:00","og_image":[{"width":1200,"height":630,"url":"https:\/\/www.weproc.com\/wp-content\/uploads\/2024\/07\/weproc-fr.png","type":"image\/png"}],"twitter_card":"summary_large_image","twitter_misc":{"Gesch\u00e4tzte Lesezeit":"5 Minuten"},"schema":{"@context":"https:\/\/schema.org","@graph":[{"@type":"WebPage","@id":"https:\/\/www.weproc.com\/de\/cookies\/","url":"https:\/\/www.weproc.com\/de\/cookies\/","name":"Cookie-Richtlinie Weproc","isPartOf":{"@id":"https:\/\/www.weproc.com\/de\/#website"},"primaryImageOfPage":{"@id":"https:\/\/www.weproc.com\/de\/cookies\/#primaryimage"},"image":{"@id":"https:\/\/www.weproc.com\/de\/cookies\/#primaryimage"},"thumbnailUrl":"https:\/\/www.weproc.com\/wp-content\/uploads\/2024\/07\/weproc-fr.png","datePublished":"2024-03-19T14:30:34+00:00","dateModified":"2026-02-27T09:38:06+00:00","description":"Lesen Sie die Cookie-Richtlinie von WEPROC: Erfahren Sie mehr \u00fcber die Art und Verwendung von Trackern auf unserer Website und konfigurieren Sie Ihre Zustimmungseinstellungen.","breadcrumb":{"@id":"https:\/\/www.weproc.com\/de\/cookies\/#breadcrumb"},"inLanguage":"de","potentialAction":[{"@type":"ReadAction","target":["https:\/\/www.weproc.com\/de\/cookies\/"]}]},{"@type":"ImageObject","inLanguage":"de","@id":"https:\/\/www.weproc.com\/de\/cookies\/#primaryimage","url":"https:\/\/www.weproc.com\/wp-content\/uploads\/2024\/07\/weproc-fr.png","contentUrl":"https:\/\/www.weproc.com\/wp-content\/uploads\/2024\/07\/weproc-fr.png","width":1200,"height":630,"caption":"weproc"},{"@type":"BreadcrumbList","@id":"https:\/\/www.weproc.com\/de\/cookies\/#breadcrumb","itemListElement":[{"@type":"ListItem","position":1,"name":"Accueil","item":"https:\/\/www.weproc.com\/de\/"},{"@type":"ListItem","position":2,"name":"Cookies"}]},{"@type":"WebSite","@id":"https:\/\/www.weproc.com\/de\/#website","url":"https:\/\/www.weproc.com\/de\/","name":"Weproc","description":"eProcurement","publisher":{"@id":"https:\/\/www.weproc.com\/de\/#organization"},"potentialAction":[{"@type":"SearchAction","target":{"@type":"EntryPoint","urlTemplate":"https:\/\/www.weproc.com\/de\/?s={search_term_string}"},"query-input":{"@type":"PropertyValueSpecification","valueRequired":true,"valueName":"search_term_string"}}],"inLanguage":"de"},{"@type":"Organization","@id":"https:\/\/www.weproc.com\/de\/#organization","name":"Weproc","url":"https:\/\/www.weproc.com\/de\/","logo":{"@type":"ImageObject","inLanguage":"de","@id":"https:\/\/www.weproc.com\/de\/#\/schema\/logo\/image\/","url":"https:\/\/www.weproc.com\/wp-content\/uploads\/2025\/12\/cropped-logo-weproc.png","contentUrl":"https:\/\/www.weproc.com\/wp-content\/uploads\/2025\/12\/cropped-logo-weproc.png","width":512,"height":512,"caption":"Weproc"},"image":{"@id":"https:\/\/www.weproc.com\/de\/#\/schema\/logo\/image\/"},"sameAs":["https:\/\/www.linkedin.com\/company\/weproc","https:\/\/www.youtube.com\/@weproc"]}]}},"_links":{"self":[{"href":"https:\/\/www.weproc.com\/de\/wp-json\/wp\/v2\/pages\/25243","targetHints":{"allow":["GET"]}}],"collection":[{"href":"https:\/\/www.weproc.com\/de\/wp-json\/wp\/v2\/pages"}],"about":[{"href":"https:\/\/www.weproc.com\/de\/wp-json\/wp\/v2\/types\/page"}],"author":[{"embeddable":true,"href":"https:\/\/www.weproc.com\/de\/wp-json\/wp\/v2\/users\/7"}],"replies":[{"embeddable":true,"href":"https:\/\/www.weproc.com\/de\/wp-json\/wp\/v2\/comments?post=25243"}],"version-history":[{"count":2,"href":"https:\/\/www.weproc.com\/de\/wp-json\/wp\/v2\/pages\/25243\/revisions"}],"predecessor-version":[{"id":35266,"href":"https:\/\/www.weproc.com\/de\/wp-json\/wp\/v2\/pages\/25243\/revisions\/35266"}],"wp:featuredmedia":[{"embeddable":true,"href":"https:\/\/www.weproc.com\/de\/wp-json\/wp\/v2\/media\/25167"}],"wp:attachment":[{"href":"https:\/\/www.weproc.com\/de\/wp-json\/wp\/v2\/media?parent=25243"}],"curies":[{"name":"wp","href":"https:\/\/api.w.org\/{rel}","templated":true}]}}